{"id":2854,"date":"2022-07-19T19:57:34","date_gmt":"2022-07-19T16:57:34","guid":{"rendered":"https:\/\/www.kartonkutu.com.tr\/product\/buyuk-set-kurdeleli-mucevher-kutu\/"},"modified":"2022-12-29T13:05:30","modified_gmt":"2022-12-29T10:05:30","slug":"buyuk-set-kurdeleli-mucevher-kutu","status":"publish","type":"product","link":"https:\/\/www.kartonkutu.com.tr\/en\/urun\/buyuk-set-kurdeleli-mucevher-kutu\/","title":{"rendered":"B\u00fcy\u00fck Set Kurdeleli M\u00fccevher Kutu"},"content":{"rendered":"","protected":false},"excerpt":{"rendered":"<p>Technique: Drafting<br \/>\nColor: Purple<br \/>\nWidth: 17.5 cm<br \/>\nHeight: 21.5 cm<br \/>\nBox Height: 3.7 cm<br \/>\nCover Height: 1.7 cm<\/p>\n","protected":false},"featured_media":1287,"template":"","meta":[],"product_brand":[],"product_cat":[246],"product_tag":[],"class_list":{"0":"post-2854","1":"product","2":"type-product","3":"status-publish","4":"has-post-thumbnail","6":"product_cat-mucevher-kutulari-en","7":"pa_boy-20-25-cm-en","8":"pa_color-purple-en","9":"pa_en-15-20-cm-en","10":"pa_kapak-yukseklik-1-5-cm-en","11":"pa_kutu-yukseklik-1-5-cm-en","12":"pa_model-kapak-kutu-kapak-3lu-model-en","13":"pa_teknik-taslama-en","14":"has-post-title","15":"has-post-date","16":"has-post-category","17":"has-post-tag","18":"has-post-comment","19":"has-post-author","20":"","22":"first","23":"instock","24":"taxable","25":"shipping-taxable","26":"product-type-simple"},"_links":{"self":[{"href":"https:\/\/www.kartonkutu.com.tr\/en\/wp-json\/wp\/v2\/product\/2854","targetHints":{"allow":["GET"]}}],"collection":[{"href":"https:\/\/www.kartonkutu.com.tr\/en\/wp-json\/wp\/v2\/product"}],"about":[{"href":"https:\/\/www.kartonkutu.com.tr\/en\/wp-json\/wp\/v2\/types\/product"}],"wp:featuredmedia":[{"embeddable":true,"href":"https:\/\/www.kartonkutu.com.tr\/en\/wp-json\/wp\/v2\/media\/1287"}],"wp:attachment":[{"href":"https:\/\/www.kartonkutu.com.tr\/en\/wp-json\/wp\/v2\/media?parent=2854"}],"wp:term":[{"taxonomy":"product_brand","embeddable":true,"href":"https:\/\/www.kartonkutu.com.tr\/en\/wp-json\/wp\/v2\/product_brand?post=2854"},{"taxonomy":"product_cat","embeddable":true,"href":"https:\/\/www.kartonkutu.com.tr\/en\/wp-json\/wp\/v2\/product_cat?post=2854"},{"taxonomy":"product_tag","embeddable":true,"href":"https:\/\/www.kartonkutu.com.tr\/en\/wp-json\/wp\/v2\/product_tag?post=2854"}],"curies":[{"name":"wp","href":"https:\/\/api.w.org\/{rel}","templated":true}]}}