{"id":2853,"date":"2022-07-19T19:58:36","date_gmt":"2022-07-19T16:58:36","guid":{"rendered":"https:\/\/www.kartonkutu.com.tr\/product\/mucevher-buyuk-set-kutu-sonmezler\/"},"modified":"2022-12-29T13:05:40","modified_gmt":"2022-12-29T10:05:40","slug":"mucevher-buyuk-set-kutu-sonmezler","status":"publish","type":"product","link":"https:\/\/www.kartonkutu.com.tr\/en\/urun\/mucevher-buyuk-set-kutu-sonmezler\/","title":{"rendered":"M\u00fccevher B\u00fcy\u00fck Set Kutu &#8211; S\u00f6nmezler"},"content":{"rendered":"","protected":false},"excerpt":{"rendered":"<p>Technique: Drafting<br \/>\nColor: Black<br \/>\nWidth: 14 cm<br \/>\nHeight: 10cm<br \/>\nBox Height: 3.7 cm<br \/>\nCover Height: 1.7 cm<\/p>\n","protected":false},"featured_media":1292,"template":"","meta":[],"product_brand":[],"product_cat":[246],"product_tag":[],"class_list":{"0":"post-2853","1":"product","2":"type-product","3":"status-publish","4":"has-post-thumbnail","6":"product_cat-mucevher-kutulari-en","7":"pa_boy-10-15-cm-en","8":"pa_color-black-en","9":"pa_en-10-15-cm-en","10":"pa_kapak-yukseklik-1-5-cm-en","11":"pa_kutu-yukseklik-1-5-cm-en","12":"pa_model-kutu-kapak-sapka-model-en","13":"pa_teknik-taslama-en","14":"has-post-title","15":"has-post-date","16":"has-post-category","17":"has-post-tag","18":"has-post-comment","19":"has-post-author","20":"","22":"first","23":"instock","24":"taxable","25":"shipping-taxable","26":"product-type-simple"},"_links":{"self":[{"href":"https:\/\/www.kartonkutu.com.tr\/en\/wp-json\/wp\/v2\/product\/2853","targetHints":{"allow":["GET"]}}],"collection":[{"href":"https:\/\/www.kartonkutu.com.tr\/en\/wp-json\/wp\/v2\/product"}],"about":[{"href":"https:\/\/www.kartonkutu.com.tr\/en\/wp-json\/wp\/v2\/types\/product"}],"wp:featuredmedia":[{"embeddable":true,"href":"https:\/\/www.kartonkutu.com.tr\/en\/wp-json\/wp\/v2\/media\/1292"}],"wp:attachment":[{"href":"https:\/\/www.kartonkutu.com.tr\/en\/wp-json\/wp\/v2\/media?parent=2853"}],"wp:term":[{"taxonomy":"product_brand","embeddable":true,"href":"https:\/\/www.kartonkutu.com.tr\/en\/wp-json\/wp\/v2\/product_brand?post=2853"},{"taxonomy":"product_cat","embeddable":true,"href":"https:\/\/www.kartonkutu.com.tr\/en\/wp-json\/wp\/v2\/product_cat?post=2853"},{"taxonomy":"product_tag","embeddable":true,"href":"https:\/\/www.kartonkutu.com.tr\/en\/wp-json\/wp\/v2\/product_tag?post=2853"}],"curies":[{"name":"wp","href":"https:\/\/api.w.org\/{rel}","templated":true}]}}