{"id":2831,"date":"2022-09-13T14:51:46","date_gmt":"2022-09-13T11:51:46","guid":{"rendered":"https:\/\/www.kartonkutu.com.tr\/product\/gumus-cekmeceli\/"},"modified":"2022-12-29T12:28:41","modified_gmt":"2022-12-29T09:28:41","slug":"gumus-cekmeceli","status":"publish","type":"product","link":"https:\/\/www.kartonkutu.com.tr\/en\/urun\/gumus-cekmeceli\/","title":{"rendered":"G\u00fcm\u00fc\u015f \u00c7ekmeceli"},"content":{"rendered":"<p><a href=\"https:\/\/www.kartonkutu.com.tr\/wp-content\/uploads\/2022\/09\/gumus-cekmeceli-1-scaled.jpg\"><img loading=\"lazy\" decoding=\"async\" class=\"alignnone size-medium wp-image-2477\" src=\"https:\/\/www.kartonkutu.com.tr\/wp-content\/uploads\/2022\/09\/gumus-cekmeceli-1-300x300.jpg\" alt=\"\" width=\"300\" height=\"300\" srcset=\"https:\/\/www.kartonkutu.com.tr\/wp-content\/uploads\/2022\/09\/gumus-cekmeceli-1-300x300.jpg 300w, https:\/\/www.kartonkutu.com.tr\/wp-content\/uploads\/2022\/09\/gumus-cekmeceli-1-1024x1024.jpg 1024w, https:\/\/www.kartonkutu.com.tr\/wp-content\/uploads\/2022\/09\/gumus-cekmeceli-1-150x150.jpg 150w, https:\/\/www.kartonkutu.com.tr\/wp-content\/uploads\/2022\/09\/gumus-cekmeceli-1-768x768.jpg 768w, https:\/\/www.kartonkutu.com.tr\/wp-content\/uploads\/2022\/09\/gumus-cekmeceli-1-1536x1536.jpg 1536w, https:\/\/www.kartonkutu.com.tr\/wp-content\/uploads\/2022\/09\/gumus-cekmeceli-1-2048x2048.jpg 2048w, https:\/\/www.kartonkutu.com.tr\/wp-content\/uploads\/2022\/09\/gumus-cekmeceli-1-600x600.jpg 600w, https:\/\/www.kartonkutu.com.tr\/wp-content\/uploads\/2022\/09\/gumus-cekmeceli-1-100x100.jpg 100w\" sizes=\"auto, (max-width: 300px) 100vw, 300px\" \/><\/a><\/p>\n","protected":false},"excerpt":{"rendered":"<p>Technique:\u00a0Drafting<br \/>\nColor:\u00a0Silver<br \/>\nWidth: 6 cm<br \/>\nHeight: 17cm<br \/>\nBox Height: 5.2 cm<br \/>\nCover Height: 5.2 cm<\/p>\n","protected":false},"featured_media":2422,"template":"","meta":[],"product_brand":[],"product_cat":[210],"product_tag":[],"class_list":{"0":"post-2831","1":"product","2":"type-product","3":"status-publish","4":"has-post-thumbnail","6":"product_cat-boxes-en","7":"pa_boy-15-20-cm-en","8":"pa_color-silver-en","9":"pa_en-5-10-cm-en","10":"pa_kapak-yukseklik-5-10-cm-en","11":"pa_kutu-yukseklik-5-10-cm-en","12":"pa_model-cekmece-model-en","13":"pa_teknik-taslama-en","14":"has-post-title","15":"has-post-date","16":"has-post-category","17":"has-post-tag","18":"has-post-comment","19":"has-post-author","20":"","22":"first","23":"instock","24":"taxable","25":"shipping-taxable","26":"product-type-simple"},"_links":{"self":[{"href":"https:\/\/www.kartonkutu.com.tr\/en\/wp-json\/wp\/v2\/product\/2831","targetHints":{"allow":["GET"]}}],"collection":[{"href":"https:\/\/www.kartonkutu.com.tr\/en\/wp-json\/wp\/v2\/product"}],"about":[{"href":"https:\/\/www.kartonkutu.com.tr\/en\/wp-json\/wp\/v2\/types\/product"}],"wp:featuredmedia":[{"embeddable":true,"href":"https:\/\/www.kartonkutu.com.tr\/en\/wp-json\/wp\/v2\/media\/2422"}],"wp:attachment":[{"href":"https:\/\/www.kartonkutu.com.tr\/en\/wp-json\/wp\/v2\/media?parent=2831"}],"wp:term":[{"taxonomy":"product_brand","embeddable":true,"href":"https:\/\/www.kartonkutu.com.tr\/en\/wp-json\/wp\/v2\/product_brand?post=2831"},{"taxonomy":"product_cat","embeddable":true,"href":"https:\/\/www.kartonkutu.com.tr\/en\/wp-json\/wp\/v2\/product_cat?post=2831"},{"taxonomy":"product_tag","embeddable":true,"href":"https:\/\/www.kartonkutu.com.tr\/en\/wp-json\/wp\/v2\/product_tag?post=2831"}],"curies":[{"name":"wp","href":"https:\/\/api.w.org\/{rel}","templated":true}]}}