{"id":2826,"date":"2022-09-29T12:12:05","date_gmt":"2022-09-29T09:12:05","guid":{"rendered":"https:\/\/www.kartonkutu.com.tr\/product\/kirpik-zigzag-kagit-kraft\/"},"modified":"2023-08-10T10:32:16","modified_gmt":"2023-08-10T07:32:16","slug":"kirpik-zigzag-kagit-kraft","status":"publish","type":"product","link":"https:\/\/www.kartonkutu.com.tr\/en\/urun\/kirpik-zigzag-kagit-kraft\/","title":{"rendered":"K\u0131rp\u0131k Zigzag Ka\u011f\u0131t Kraft"},"content":{"rendered":"","protected":false},"excerpt":{"rendered":"","protected":false},"featured_media":2452,"template":"","meta":[],"product_brand":[],"product_cat":[202,259],"product_tag":[],"class_list":{"0":"post-2826","1":"product","2":"type-product","3":"status-publish","4":"has-post-thumbnail","6":"product_cat-accessories-en","7":"product_cat-packaging-accessories","8":"has-post-title","9":"has-post-date","10":"has-post-category","11":"has-post-tag","12":"has-post-comment","13":"has-post-author","14":"","16":"first","17":"instock","18":"taxable","19":"shipping-taxable","20":"product-type-simple"},"_links":{"self":[{"href":"https:\/\/www.kartonkutu.com.tr\/en\/wp-json\/wp\/v2\/product\/2826","targetHints":{"allow":["GET"]}}],"collection":[{"href":"https:\/\/www.kartonkutu.com.tr\/en\/wp-json\/wp\/v2\/product"}],"about":[{"href":"https:\/\/www.kartonkutu.com.tr\/en\/wp-json\/wp\/v2\/types\/product"}],"wp:featuredmedia":[{"embeddable":true,"href":"https:\/\/www.kartonkutu.com.tr\/en\/wp-json\/wp\/v2\/media\/2452"}],"wp:attachment":[{"href":"https:\/\/www.kartonkutu.com.tr\/en\/wp-json\/wp\/v2\/media?parent=2826"}],"wp:term":[{"taxonomy":"product_brand","embeddable":true,"href":"https:\/\/www.kartonkutu.com.tr\/en\/wp-json\/wp\/v2\/product_brand?post=2826"},{"taxonomy":"product_cat","embeddable":true,"href":"https:\/\/www.kartonkutu.com.tr\/en\/wp-json\/wp\/v2\/product_cat?post=2826"},{"taxonomy":"product_tag","embeddable":true,"href":"https:\/\/www.kartonkutu.com.tr\/en\/wp-json\/wp\/v2\/product_tag?post=2826"}],"curies":[{"name":"wp","href":"https:\/\/api.w.org\/{rel}","templated":true}]}}