{"id":2897,"date":"2022-08-09T20:55:14","date_gmt":"2022-08-09T17:55:14","guid":{"rendered":"https:\/\/www.kartonkutu.com.tr\/?page_id=2897"},"modified":"2022-11-21T14:09:08","modified_gmt":"2022-11-21T11:09:08","slug":"personal-data-protection-law","status":"publish","type":"page","link":"https:\/\/www.kartonkutu.com.tr\/en\/personal-data-protection-law\/","title":{"rendered":"Personal Data Protection Law"},"content":{"rendered":"<!--themify_builder_content-->\n<div id=\"themify_builder_content-2897\" data-postid=\"2897\" class=\"themify_builder_content themify_builder_content-2897 themify_builder tf_clear\">\n                    <div  data-lazy=\"1\" class=\"module_row themify_builder_row tb_0oka921 tb_first tf_w\">\n                        <div class=\"row_inner col_align_top tb_col_count_1 tf_box tf_rel\">\n                        <div  data-lazy=\"1\" class=\"module_column tb-column col-full tb_f9cm922 first\">\n                    <!-- module text -->\n<div  class=\"module module-text tb_o15y401   \" data-lazy=\"1\">\n        <div  class=\"tb_text_wrap\">\n        <h4>Personal Data Protection Law<\/h4>    <\/div>\n<\/div>\n<!-- \/module text --><!-- module text -->\n<div  class=\"module module-text tb_pcym404   \" data-lazy=\"1\">\n        <div  class=\"tb_text_wrap\">\n        <div class=\"module module-text tb_o15y401\"><div class=\"tb_text_wrap\"><h4><span>INFORMATION ON THE PROTECTION OF PERSONAL DATA<\/span><\/h4><\/div><\/div><div class=\"module module-text tb_pcym404\"><div class=\"tb_text_wrap\"><p><span>As Kartonkutu, we attach great importance to the processing and preservation of your personal data in accordance with the Law No. 6698 on the Protection of Personal Data (\u201cLaw\u201d).\u00a0We would like to inform our customers about our purpose and methods of collecting, processing and transferring personal data and, accordingly, your rights arising from the Law.<\/span><\/p><ol><li><span>Methods of collecting personal data<\/span><\/li><\/ol><p><span>As Kartonkutu, in the capacity of data controller, within the framework of our legal obligations arising from the legislation;\u00a0KartonBox.\u00a0We collect your personal data verbally, in writing or electronically, through websites, social media channels, mobile applications and similar means, for purposes such as determining and implementing commercial and business strategies.<\/span><\/p><ol start=\"2\"><li><span>Processing of personal data and purposes of processing<\/span><\/li><\/ol><p><span>As Kartonkutu, in the capacity of data controller, through our call centers, written communication channels, social media pages, mobile communication channels, in-store communication channels and\/or all kinds of channels;\u00a0Your personal and\/or sensitive personal data, which we obtain with your consent, can be obtained, recorded, stored, stored, changed, updated, periodically checked, rearranged, classified, in whole or in part, for the period required for the purpose for which they are processed or stipulated in the relevant law. can be stored, in case of statutory or service-related actual requirements, Cardboard.<\/span><\/p><p><span>Kartonkutu, for the purposes of its customers to benefit from the services of our brands, to inform you about our campaigns if you approve, to record your suggestions and complaints, to establish better service standards for you, to determine and implement Kartonkutu commercial and business strategies and in any case, comply with the Personal Data Protection Law No. 6698 and the relevant legislation. We inform you that we may process your personal data accordingly.<\/span><\/p><ol start=\"3\"><li><span>Transfer of Personal Data<\/span><\/li><\/ol><p><span>Kartonkutu, your personal data in question only;\u00a0Based on your express consent or within the framework of the security and confidentiality principles specified in the Law, within the country and abroad, provided that the necessary security measures are taken, the company&#8217;s activities are carried out, the business relationship between data owners and our customers is established and\/or meetings are held for this purpose, services, in order to provide opportunities and opportunities and to increase service quality;\u00a0Our group companies, business partners, customers with whom we have contracted and provided services due to our activities, suppliers, audit companies or public institutions or organizations that are authorized to request this data as required by a legal obligation, including but not limited to other relevant authorities.<\/span><\/p><ol start=\"4\"><li><span>Rights of Personal Data Owners Enumerated in Article 11 of the KVK Law (\u201cLaw\u201d)<\/span><\/li><\/ol><p><span>The cardboard box will respond to the following requests from the relevant persons:<\/span><\/p><p><span>a) Learning whether Kartonkutu processes personal data regarding them and which personal data it processes,<\/span><\/p><p><span>b) Receiving information on the purposes of the processing activity,<\/span><\/p><p><span>c) Knowing the third parties to whom Kartonkutu. has transferred personal data in the country or abroad,<\/span><\/p><p><span>d) Requesting correction of personal data in case of incomplete or incorrect processing,<\/span><\/p><p><span>e) Requesting the deletion or destruction of personal data in accordance with the Law,<\/span><\/p><p><span>f) In case of request for correction, deletion or destruction of personal data;\u00a0requesting the notification of the transactions made to the third parties to whom the personal data has been transferred,<\/span><\/p><p><span>g) Objecting to the emergence of a result against the person himself by analyzing the processed data exclusively through automated systems, and<\/span><\/p><p><span>h) Receiving a copy of your personal data.<\/span><\/p><p><span>You can contact us about your opinions and questions.<\/span><\/p><p><span>Title : Cardboard Box Printing Packaging<\/span><\/p><p><span>Phone: 0212 637 61 51<\/span><\/p><p><span>Mersis No:<\/span><\/p><p><span>Tax Office: Davutpasa<\/span><\/p><p><span>Tax Number: 49381152496<\/span><\/p><p><span>Address: Maltepe Mahallesi Fetih Caddesi \u0130pek Business Center No:2\/1\/40 Zeytinburnu \/ Istanbul<\/span><\/p><p><span>Mail:\u00a0\u00a0<\/span><span>box@kartonkutu.com.tr<\/span><\/p><p><strong><span>Privacy and Security<\/span><\/strong><\/p><p><span>Kartonkutu Online Shop requests some of your personal information (name, age, interests, e-mail, etc.) from you in order to provide better service to its customers.\u00a0This information collected on Kartonkutu Online Shop servers is used only within Kartonkutu Online Shop for periodic campaigns, designing special promotional activities for customer profiles, and customer &#8220;classification&#8221; for not sending unwanted e-mails.\u00a0Kartonkutu Online Shop does not share the information collected from the membership forms with third parties without the knowledge of the member in question or otherwise, and does not use or sell it for commercial purposes for any reason other than activity.<\/span><\/p><p><span>Customer information can only be disclosed to official authorities if this information is requested by the official authorities and in cases where it is obliged to make a statement to the official authorities in accordance with the provisions of the applicable mandatory legislation.<\/span><\/p><p><span>Only the customer can access all the information that the customer enters into the system, and only the customer can change this information.\u00a0It is not possible for anyone else to access and change this information.\u00a0Your credit card information requested on the payment page is not kept on the servers of Kartonkutu Online Shop or the companies serving it in order to keep the security of our valued customers at the highest level.\u00a0In this way, all transactions for payment are made between the bank and your computer through the Kartonkutu Online Shop interface.<\/span><\/p><p><strong><span>Use of Cookies<\/span><\/strong><\/p><p><span>Cookies are small text files or information saved on your computer or mobile device (such as a smartphone or tablet) when you visit our site.<\/span><\/p><p><span>We use cookies to make our site easier to use and to adjust to your interests and needs.\u00a0Websites can read and write these cookie files, so that important information about you is remembered (such as remembering your preference settings) in order to be recognized and to offer you a more suitable website.<\/span><\/p><p><span>Cookies also help speed up your future activity on our Sites.\u00a0In addition, we may use cookies to collect statistical information about the use of our Sites in order to understand how visitors use our Sites and to improve the design and usability of our Sites.<\/span><\/p><p><strong><span>Cardboard Box Printing Packaging<\/span><\/strong><\/p><p><span>Address: Maltepe Mahallesi Fetih Caddesi \u0130pek Business Center No:2\/1\/40 Zeytinburnu \/ Istanbul<\/span><\/p><p><span>Phone: 0212 637 61 51<\/span><\/p><\/div><\/div>    <\/div>\n<\/div>\n<!-- \/module text -->        <\/div>\n                        <\/div>\n        <\/div>\n        <\/div>\n<!--\/themify_builder_content-->","protected":false},"excerpt":{"rendered":"<p>Ki\u015fisel Verilerin Korunmas\u0131na \u0130li\u015fkin Bilgilendirme Kartonkutu olarak ki\u015fisel verilerinizin 6698 say\u0131l\u0131 Ki\u015fisel Verilerin Korunmas\u0131 Kanunu&#8217;na (\u201cKanun\u201d) uygun olarak i\u015flenerek, muhafaza edilmesine bu\u0308yu\u0308k \u00f6nem veriyoruz. M\u00fc\u015fterilerimizi ki\u015fisel verileri toplama, i\u015fleme, aktarma amac\u0131m\u0131z ve y\u00f6ntemlerimiz ve buna ba\u011fl\u0131 olarak sizlerin Kanun&#8217;dan kaynaklanan haklar\u0131n\u0131zla ilgili bilgilendirmek isteriz. Ki\u015fisel verilerin toplanmas\u0131na ili\u015fkin y\u00f6ntemler Kartonkutu olarak, veri sorumlusu s\u0131fat\u0131yla, mevzuattan [&hellip;]<\/p>\n","protected":false},"author":1,"featured_media":0,"parent":0,"menu_order":0,"comment_status":"closed","ping_status":"closed","template":"","meta":{"footnotes":""},"class_list":["post-2897","page","type-page","status-publish","hentry","has-post-title","has-post-date","has-post-category","has-post-tag","has-post-comment","has-post-author",""],"_links":{"self":[{"href":"https:\/\/www.kartonkutu.com.tr\/en\/wp-json\/wp\/v2\/pages\/2897","targetHints":{"allow":["GET"]}}],"collection":[{"href":"https:\/\/www.kartonkutu.com.tr\/en\/wp-json\/wp\/v2\/pages"}],"about":[{"href":"https:\/\/www.kartonkutu.com.tr\/en\/wp-json\/wp\/v2\/types\/page"}],"author":[{"embeddable":true,"href":"https:\/\/www.kartonkutu.com.tr\/en\/wp-json\/wp\/v2\/users\/1"}],"replies":[{"embeddable":true,"href":"https:\/\/www.kartonkutu.com.tr\/en\/wp-json\/wp\/v2\/comments?post=2897"}],"version-history":[{"count":1,"href":"https:\/\/www.kartonkutu.com.tr\/en\/wp-json\/wp\/v2\/pages\/2897\/revisions"}],"predecessor-version":[{"id":2898,"href":"https:\/\/www.kartonkutu.com.tr\/en\/wp-json\/wp\/v2\/pages\/2897\/revisions\/2898"}],"wp:attachment":[{"href":"https:\/\/www.kartonkutu.com.tr\/en\/wp-json\/wp\/v2\/media?parent=2897"}],"curies":[{"name":"wp","href":"https:\/\/api.w.org\/{rel}","templated":true}]}}