{"id":2895,"date":"2022-08-09T21:02:59","date_gmt":"2022-08-09T18:02:59","guid":{"rendered":"https:\/\/www.kartonkutu.com.tr\/?page_id=2895"},"modified":"2022-11-21T14:07:39","modified_gmt":"2022-11-21T11:07:39","slug":"privacy-policy-and-rules","status":"publish","type":"page","link":"https:\/\/www.kartonkutu.com.tr\/en\/privacy-policy-and-rules\/","title":{"rendered":"Privacy Policy And Rules"},"content":{"rendered":"<!--themify_builder_content-->\n<div id=\"themify_builder_content-2895\" data-postid=\"2895\" class=\"themify_builder_content themify_builder_content-2895 themify_builder tf_clear\">\n                    <div  data-lazy=\"1\" class=\"module_row themify_builder_row tb_n6aj781 tb_first tf_w\">\n                        <div class=\"row_inner col_align_top tb_col_count_1 tf_box tf_rel\">\n                        <div  data-lazy=\"1\" class=\"module_column tb-column col-full tb_ttr9782 first\">\n                    <!-- module text -->\n<div  class=\"module module-text tb_1yx4295   \" data-lazy=\"1\">\n        <div  class=\"tb_text_wrap\">\n        <h4>Privacy Policy And Rules<\/h4>    <\/div>\n<\/div>\n<!-- \/module text --><!-- module text -->\n<div  class=\"module module-text tb_qv3s938   \" data-lazy=\"1\">\n        <div  class=\"tb_text_wrap\">\n        <p><strong><u>De\u011ferli \u00dcye ve M\u00fc\u015fterilerimiz;<\/u><\/strong><\/p><p>Gizlilik Kurallar\u0131m\u0131z, yapt\u0131\u011f\u0131m\u0131z ileti\u015fimler, Site Kullan\u0131m \u015eartlar\u0131 ve Ki\u015fisel Verilerinizin \u0130\u015flenmesi ile ilgili uygulamalar\u0131m\u0131z ve Ki\u015fisel Verilerin Korunmas\u0131 Kanunu kapsam\u0131ndaki haklar\u0131n\u0131z hususunda sizleri bilgilendirmek isteriz.<\/p><p>Ki\u015fisel verilerinizin Kartonkutu taraf\u0131ndan toplanmas\u0131, saklanmas\u0131, aktar\u0131lmas\u0131 veya ki\u015fisel verilerinizin herhangi bir \u015fekilde i\u015flenmesinde a\u015fa\u011f\u0131daki esaslar uygulan\u0131r.<\/p><p><strong>Hakk\u0131n\u0131zda hangi ki\u015fisel verileri hangi yollarla topluyoruz?<\/strong><\/p><p>Kartonkutu\u2019 ya Do\u011frudan Sizin Taraf\u0131n\u0131zdan Sa\u011flanan Ki\u015fisel Veriler:<\/p><ul><li>\u0130sminiz, TCKN\u2019niz, adresiniz, e-posta adresiniz ve do\u011fum tarihiniz gibi temel ki\u015fisel bilgiler;<\/li><li>Al\u0131\u015fveri\u015f ge\u00e7mi\u015finiz;<\/li><li>\u00d6deme bilgileriniz;<\/li><li>Pazarlama ve ileti\u015fim tercihleriniz.<\/li><\/ul><p><strong>\u00dc\u00e7\u00fcnc\u00fc Ki\u015filerden Sizinle \u0130lgili Olarak Toplanan Ki\u015fisel Veriler:<\/strong><\/p><p>Toplad\u0131\u011f\u0131m\u0131z ki\u015fisel verilerin bir k\u0131sm\u0131n\u0131 yasal d\u00fczenlemelere uygun olarak bayilerimize ve izninizi alarak d\u00fczenledi\u011fimiz kampanyalar \u00e7er\u00e7evesinde i\u015f ortaklar\u0131m\u0131za aktarabilir, bunlardan ki\u015fisel verilerinizi toplayabiliriz.<\/p><p>Bu ki\u015fisel veriler i\u015flemlerinizi ger\u00e7ekle\u015ftirmek, size \u00fcr\u00fcn ve \u00f6deme se\u00e7enekleri sunmak ama\u00e7lar\u0131yla kullan\u0131labilir.<\/p><p><strong>Size Ait Verileri Hangi Ama\u00e7larla Kullan\u0131yoruz?<\/strong><\/p><p>Ki\u015fisel verileriniz \u00f6zellikle \u015fu ama\u00e7larla kullan\u0131lmaktad\u0131r:<\/p><ul><li>T\u00fcketicinin Korunmas\u0131 Hakk\u0131nda Kanun ve Mesafeli S\u00f6zle\u015fmeler Y\u00f6netmeli\u011fi kapsam\u0131nda akdedilen s\u00f6zle\u015fmelerin ko\u015fullar\u0131, g\u00fcncel durumu ve g\u00fcncellemeler ile ilgili m\u00fc\u015fterilerimiz ile ileti\u015fime ge\u00e7mek, gerekli bilgilendirmeleri yapabilmek,<\/li><li>T\u00fcketicinin Korunmas\u0131 Hakk\u0131nda Kanun ve Mesafeli S\u00f6zle\u015fmeler Y\u00f6netmeli\u011fi kapsam\u0131nda akdedilen s\u00f6zle\u015fmeler uyar\u0131nca \u00fcstlenilen y\u00fck\u00fcml\u00fcl\u00fckleri ifa etmek,<\/li><li>M\u00fc\u015fterilerimizin al\u0131\u015fveri\u015f deneyimleri g\u00f6z \u00f6n\u00fcnde bulundurularak ilgilenebilecekleri \u00fcr\u00fcnlere ili\u015fkin y\u00f6nlendirmelerde bulunmak ve kampanyalara ili\u015fkin bilgi verebilmek,<\/li><li>M\u00fc\u015fteri memnuniyetini art\u0131rmak, web sitesi ve\/veya mobil uygulamalardan al\u0131\u015fveri\u015f yapan m\u00fc\u015fterilerimizi tan\u0131yabilmek ve m\u00fc\u015fteri \u00e7evresi analizinde kullanabilmek, \u00e7e\u015fitli pazarlama ve reklam faaliyetlerinde kullanabilmek ve bu kapsamda anla\u015fmal\u0131 kurulu\u015flar arac\u0131l\u0131\u011f\u0131yla elektronik ortamda ve\/veya fiziki ortamda anketler d\u00fczenlemek,<\/li><li>Anla\u015fmal\u0131 kurumlar\u0131m\u0131z ve \u00e7\u00f6z\u00fcm ortaklar\u0131m\u0131z taraf\u0131ndan m\u00fc\u015fterilerimize \u00f6neri sunabilmek, hizmetlerimizle ilgili m\u00fc\u015fterilerimizi bilgilendirebilmek,<\/li><li>Hizmetlerimiz ile ilgili m\u00fc\u015fteri \u015fikayet ve \u00f6nerilerini de\u011ferlendirebilmek,<\/li><li>Yasal y\u00fck\u00fcml\u00fcl\u00fcklerimizi yerine getirebilmek ve y\u00fcr\u00fcrl\u00fckteki mevzuattan do\u011fan haklar\u0131m\u0131z\u0131 kullanabilmek.<\/li><\/ul><p>Bu bilgilerin hangi ama\u00e7larla topland\u0131\u011f\u0131 ve ne \u015fekilde kullanaca\u011f\u0131m\u0131z konusunda mevzuat\u0131n gerekli k\u0131lmas\u0131 halinde ilgili hizmet kapsam\u0131nda daha net bir bi\u00e7imde bilgilendirilirsiniz.<\/p><p><strong>Ki\u015fisel Verilerinizi Kimlerle ve Ne \u015eekilde Payla\u015f\u0131yoruz?<\/strong><\/p><p>Toplad\u0131\u011f\u0131m\u0131z ki\u015fisel verilerin bir k\u0131sm\u0131n\u0131 yasal d\u00fczenlemelere uygun olarak bayilerimize ve izninizi alarak d\u00fczenledi\u011fimiz kampanyalar \u00e7er\u00e7evesinde i\u015f ortaklar\u0131m\u0131za aktarabilir, bunlardan ki\u015fisel verilerinizi toplayabiliriz.\u00a0<strong>Kartonkutu<\/strong>\u00a0toplad\u0131\u011f\u0131 ki\u015fisel verileri, tercihleriniz do\u011frultusunda, do\u011frudan pazarlama faaliyetleriyle ilgili olarak ilginizi \u00e7ekebilecek 3.ki\u015filer taraf\u0131ndan sunulan \u00fcr\u00fcn ve hizmetleri belirlememize yard\u0131mc\u0131 olmas\u0131 amac\u0131yla bu ki\u015filerle payla\u015fabilir.\u00a0<\/p><p>Ki\u015fisel verilerinizi, internet sitesi ve mobil uygulamalar\u0131 kullan\u0131m\u0131n\u0131z\u0131, tercihlerinizi ve ilgi alanlar\u0131n\u0131 analiz etmek gibi ara\u015ft\u0131rma ve istatistiksel ama\u00e7lar i\u00e7in kullan\u0131labilir.<\/p><p>Kanun gere\u011fi, bildirim veya a\u00e7\u0131k r\u0131za gerekmeksizin, su\u00e7 ve doland\u0131r\u0131c\u0131l\u0131\u011f\u0131 \u00f6nlemek ve\u00a0<strong>Kartonkutu<\/strong>\u2019\u0131n mevzuata uyumlulu\u011funu denetlemek ve\/veya sa\u011flamak veya haklar\u0131n\u0131 elde etmek amac\u0131yla ki\u015fisel verilerinizi kullanabiliriz.<\/p><p>A\u015fa\u011f\u0131daki durumlardan birinin varl\u0131\u011f\u0131 halinde ki\u015fisel verileriniz a\u00e7\u0131klanabilir:<\/p><ul><li>Mevzuat gere\u011fi;<\/li><li>\u00c7al\u0131\u015fanlar\u0131m\u0131z\u0131n, kamunun veya\u00a0<strong>Kartonkutu<\/strong>\u2019nun g\u00fcvenli\u011fini sa\u011flamak amac\u0131yla;<\/li><li>Adli kovu\u015fturma, mahkeme ilam\u0131 veya bir yasal s\u00fcreci yerine getirmek amac\u0131yla veya<\/li><li>Bir birle\u015fme, varl\u0131k sat\u0131\u015f\u0131 veya benzer i\u015flemler halinde.<\/li><\/ul><p>Faaliyetlerimizi y\u00fcr\u00fctebilmek amac\u0131yla (\u00f6rne\u011fin bilgi sistemleri y\u00f6netimi ve depolanmas\u0131, veri analizi vb. konularda destek almak) ki\u015fisel verilerinizi, 3. ki\u015fi hizmet sa\u011flay\u0131c\u0131lar\u0131na a\u00e7\u0131klayabiliriz.<\/p><p>Bununla birlikte, do\u011frudan pazarlama mesajlar\u0131 almaktan vazge\u00e7medi\u011finiz s\u00fcrece, ki\u015fisel verilerinizi, pazar ara\u015ft\u0131rmas\u0131 ve pazarlama kampanyalar\u0131 konusunda bizlere yard\u0131mc\u0131 olan \u00fc\u00e7\u00fcnc\u00fc ki\u015filerle payla\u015fabiliriz.<\/p><p><strong>Ticari Elektronik \u0130letiler<\/strong><\/p><p>Kabul etmi\u015f olman\u0131z halinde size do\u011frudan pazarlama y\u00f6ntemleriyle (\u00f6r. Telefon, e-posta, SMS, sosyal a\u011flar, posta)\u00a0<strong>Kartonkutu<\/strong>\u2019 nun \u00fcr\u00fcn ve kampanyalar\u0131 i\u00e7in g\u00fcncellemeler ve teklifler sunabiliriz.<\/p><p>Bu \u00e7er\u00e7evede \u00fcr\u00fcn ve hizmetlerimizi belirlemek, isteklerinize uygun hale getirmek ve bir araya toplamak; fiyatlar\u0131 belirlemek ve ilginizi \u00e7ekebilecek indirimler sunmam\u0131za yard\u0131mc\u0131 olmak amac\u0131yla taraf\u0131m\u0131za verilmi\u015f olan di\u011fer ki\u015fisel verilerinizi kullanabiliriz.<\/p><p>E-posta, mesaj ya da di\u011fer do\u011frudan pazarlama faaliyetleri kapsam\u0131nda taraf\u0131n\u0131zla ileti\u015fime ge\u00e7ildi\u011finde size daima \u201cayr\u0131lma\u201d se\u00e7ene\u011fi sunulur. Herhangi bir zamanda bizimle ileti\u015fime ge\u00e7erek pazarlama tercihlerinizi de\u011fi\u015ftirebilirsiniz.<\/p><p>6563 Say\u0131l\u0131 Elektronik Ticaretin D\u00fczenlenmesi Hakk\u0131nda Kanun uyar\u0131nca; onay\u0131n geri al\u0131nd\u0131\u011f\u0131na ili\u015fkin kay\u0131tlar bu tarihten itibaren 1 y\u0131l; ticari elektronik iletinin i\u00e7eri\u011fi ve g\u00f6nderiye ili\u015fkin di\u011fer her t\u00fcrl\u00fc kay\u0131t ise gerekti\u011finde ilgili bakanl\u0131\u011fa sunulmak \u00fczere 3 y\u0131l saklanacakt\u0131r. S\u00fcre ge\u00e7tikten sonra ki\u015fisel verileriniz\u00a0<strong>Kartonkutu<\/strong>\u00a0taraf\u0131ndan veya talebiniz \u00fczerine silinir, yok edilir veya anonim hale getirilir.<\/p><p>\u00dc\u00e7\u00fcnc\u00fc Taraf \u00c7erezlerinin Reklam ve Yeniden Hedeflemede Kullan\u0131m\u0131<\/p><p>Web sitemizi ziyaret etti\u011finizde sizi hat\u0131rlayarak \u00e7evrimi\u00e7i deneyiminizi geli\u015ftirmek amac\u0131yla \u201c\u00c7erezler\u201d ve web i\u015faretleri (beacon) gibi benzer teknolojiler vas\u0131tas\u0131yla ki\u015fisel verileriniz i\u015flenmektedir.<\/p><p><strong>Kartonkutu<\/strong>\u00a0mobil uygulamalar\u0131nda oturum \u00e7erezleri ve kal\u0131c\u0131 \u00e7erezler kullanmaktad\u0131r. Oturum kimli\u011fi \u00e7erezi, taray\u0131c\u0131n\u0131z\u0131 kapatt\u0131\u011f\u0131n\u0131zda sona erer. Kal\u0131c\u0131 \u00e7erez ise sabit diskinizde uzun bir s\u00fcre kal\u0131r. \u0130nternet taray\u0131c\u0131n\u0131z\u0131n &#8220;yard\u0131m&#8221; dosyas\u0131nda verilen talimatlar\u0131 izleyerek veya \u201c<u><a href=\"http:\/\/www.allaboutcookies.org\/\">www.allaboutcookies.org<\/a><\/u>\u201d veya \u201c<u><a href=\"http:\/\/www.youronlinechoices.eu\/\">www.youronlinechoices.eu<\/a><\/u>\u201d adresini ziyaret ederek kal\u0131c\u0131 \u00e7erezleri kald\u0131rabilir ve hem oturum \u00e7erezlerini hem de kal\u0131c\u0131 \u00e7erezleri reddedebilirsiniz. Kal\u0131c\u0131 \u00e7erezleri veya oturum \u00e7erezlerini reddederseniz, web sitesini, mobil uygulamay\u0131 kullanmaya devam edebilirsiniz fakat web sitesinin, mobil uygulaman\u0131n t\u00fcm i\u015flevlerine eri\u015femeyebilirsiniz veya eri\u015fiminiz s\u0131n\u0131rl\u0131 olabilir.<\/p><p>Web sitemizin mobil versiyonu-aplikasyonunun (ak\u0131ll\u0131 cihaz uygulamas\u0131n\u0131n) kullan\u0131ld\u0131\u011f\u0131 hallerde \u00fcyelerin \u015firketimizin offline ma\u011fazalar\u0131 ve bayilerinde ma\u011fazalar\u0131-reyonlar\u0131 ile i\u00e7inde yer ald\u0131klar\u0131 yap\u0131lar\u0131-siteleri ziyaretlerine ve buralardan al\u0131\u015fveri\u015flerine dair her t\u00fcrl\u00fc ki\u015fisel olan-olmayan bilgiler de (konum verileri, incelenen \u00fcr\u00fcnler ve al\u0131\u015fveri\u015f konusu \u00fcr\u00fcn-tutar bilgileri dahil) cihazlar\u0131nda ilgili fonksiyonlar a\u00e7\u0131k ise bluetooth ve kablosuz a\u011f ba\u011flant\u0131lar\u0131ndan uygun teknik y\u00f6ntemler ile al\u0131nabilir, belirtilen \u00e7er\u00e7evede an\u0131lan \u015firketler ve kurulu\u015flarca yurt i\u00e7inde ve\/veya d\u0131\u015f\u0131nda i\u015flenebilir, aktar\u0131labilir. Veri i\u015flenmesi sonucu elde edilen sonu\u00e7lar sadece\u00a0<strong>Kartonkutu <\/strong>ba\u011fl\u0131 markalar\u0131nda fiziki ve e-ma\u011fazalar\u0131ndaki m\u00fc\u015fteri deneyimini iyile\u015ftirmek, promosyonel \u00f6nerilerde bulunmak, ki\u015fiye \u00f6zel kampanya ve \u00fcr\u00fcn \u00f6nerilerinin ileti\u015fiminde kullan\u0131l\u0131r.<\/p><p>\u00dcyelerin belirtilen suretler ile bilgilenmeleri ve\/veya taraflar\u0131na yap\u0131lan ileti\u015fimler, bilgilendirmeler, tan\u0131t\u0131m ve reklamlar neticesi bir \u00fcr\u00fcn\/hizmet sat\u0131n almas\u0131 s\u00f6z konusu olursa an\u0131lan i\u015flem ayr\u0131ca ve kanuni usul\u00fcnce yap\u0131lacak t\u00fcketici s\u00f6zle\u015fmesine tabidir. T\u00fcketici s\u00f6zle\u015fmesi kendi \u015fartlar\u0131nda ve taraflar\u0131 aras\u0131nda uygulan\u0131r. Sitemizden al\u0131\u015fveri\u015flerinizde, her i\u015flem s\u0131ras\u0131nda g\u00f6rece\u011finiz sipari\u015f \u00f6n bilgilendirme formu-mesafeli sat\u0131\u015f s\u00f6zle\u015fmesi \u015fartlar\u0131 ge\u00e7erli olacakt\u0131r.<\/p><p>Web sitemizde Google Analytics kullan\u0131lmaktad\u0131r. Google Analytics ilgi alan\u0131n\u0131za y\u00f6nelik reklamlar vermek i\u00e7in kullan\u0131lmaktad\u0131r.<\/p><p>Bu verilerin toplanmas\u0131 dolay\u0131s\u0131yla, ba\u015fka web sitelerini ziyaretiniz s\u0131ras\u0131nda (web sitemizi kullan\u0131rken toplanan veriler de\u011ferlendirilerek) potansiyel olarak ilgilenebilece\u011finiz \u00fcr\u00fcnlere ili\u015fkin reklamlar g\u00f6sterilir. Bu Google arama sonu\u00e7lar\u0131nda \u00e7\u0131kan reklamlar alanlar\u0131nda olabilece\u011fi gibi di\u011fer bir web-sitesinde de olabilir. \u00d6rne\u011fin bizim web sitemizde bir \u00fcr\u00fcn\u00fcn al\u0131m\u0131na ili\u015fin i\u015flemleri tamamlamad\u0131ysan\u0131z farkl\u0131 web sitelerinde bu \u00fcr\u00fcne veya bize ili\u015fkin reklamlar g\u00f6rebilirsiniz.<\/p><p>Google\u2019\u0131n bu konuya ili\u015fkin gizlilik politikas\u0131na bu adresten ula\u015fabilirsiniz:\u00a0<u><a href=\"https:\/\/www.google.com\/intl\/tr\/policies\/technologies\/ads\/\">https:\/\/www.google.com\/intl\/tr\/policies\/technologies\/ads\/<\/a><\/u>\u00a0.<\/p><p>Ayr\u0131ca\u00a0<u><a href=\"https:\/\/support.google.com\/ads\/answer\/2662922?hl=tr\">https:\/\/support.google.com\/ads\/answer\/2662922?hl=tr<\/a><\/u>\u00a0adresinden bu se\u00e7ene\u011fi nas\u0131l tercih d\u0131\u015f\u0131 b\u0131rakabilece\u011finizi \u00f6\u011frenebilirsiniz.<\/p><p>Web sitemizi ziyaret etti\u011finizde, kullan\u0131lan donan\u0131m ve yaz\u0131l\u0131m, genel konum bilgisi, web sitemize ne zaman ve nas\u0131l eri\u015fti\u011finiz gibi ki\u015fisel verilerinizi kaydedebiliriz. Bu ki\u015fisel veriler, ilgilenebilece\u011finiz \u00fcr\u00fcnleri sunmak, m\u00fc\u015fteri deneyimini geli\u015ftirmek, fiyatlar\u0131 belirlemek ve\/veya sizleri mevcut kampanyalardan haberdar etmek amac\u0131yla kullan\u0131lmaktad\u0131r.<\/p><p>Bizlerden e-posta yoluyla do\u011frudan pazarlama mesaj\u0131 almay\u0131 tercih ettiyseniz do\u011frudan pazarlama materyallerine ili\u015fkin kullan\u0131m\u0131n\u0131z\u0131 ve ilgi d\u00fczeyinizi belirlemek \u00fczere piksel etiketleri veya linkler gibi teknolojiler de kullanabiliriz.<\/p><p>Web sitemizi ziyaret etti\u011finizde, bilgisayar\u0131n\u0131z\u0131n IP adresini otomatik olarak kaydetmekteyiz.<\/p><p><strong>Ki\u015fisel Verilerinizin Korunmas\u0131<\/strong><\/p><p>Yukar\u0131da belirtilen hususlar, kanunlar, yapt\u0131r\u0131mlar, gizlilik politikam\u0131z ve sorumluluklar\u0131m\u0131z \u00e7er\u00e7evesinde verileriniz sizin onay\u0131n\u0131z olmadan \u00fc\u00e7\u00fcnc\u00fc ki\u015filere aktar\u0131lmamaktad\u0131r.\u00a0 Bununla beraber yasal y\u00fck\u00fcml\u00fcl\u00fcklerimizin gerektirdi\u011fi \u015fekliyle ve yasalar\u0131n s\u0131n\u0131rlad\u0131\u011f\u0131 \u015fekilde mahkemeler ve di\u011fer kamu kurumlar\u0131 ile verileriniz payla\u015f\u0131lmaktad\u0131r.<\/p><p>Ki\u015fisel verileriniz Kartonkutu taraf\u0131ndan web siteleri ve bunlar\u0131n mobil uygulamalar\u0131nda genel onay ve kabul g\u00f6ren G\u00fcvenli Soket Katman\u0131 (SSL) kullanarak al\u0131nmakta ve izninize istinaden yine ayn\u0131 g\u00fcvenli ortam \u00fczerinden payla\u015f\u0131lmaktad\u0131r. \u0130zninize istinaden \u00fc\u00e7\u00fcnc\u00fc ki\u015filere veri aktar\u0131m\u0131 s\u00f6z konusu oldu\u011fu durumlarda her t\u00fcrl\u00fc hukuki tedbir al\u0131nmaktad\u0131r. Ki\u015fisel verileri alan \u00fc\u00e7\u00fcnc\u00fc ki\u015filerin veri koruma politikalar\u0131ndan ve \u00fc\u00e7\u00fcnc\u00fc ki\u015finin sorumlulu\u011funda meydana gelen ihlallerden Kartonkutu sorumlu de\u011fildir.<\/p><p><strong>Bilgilerinize Eri\u015fme, De\u011fi\u015ftirme ve \u0130mha Talepleri,<\/strong><\/p><p>Hakk\u0131n\u0131zda tuttu\u011fumuz ki\u015fisel verilerin do\u011fru ve g\u00fcncel olmas\u0131 \u00f6nemlidir. Bu nedenle ki\u015fisel verilerinizde bir de\u011fi\u015fiklik meydana geldi\u011finde l\u00fctfen bize bildiriniz. Profilinizdeki verileri web sitesinde yer alan \u201cHesab\u0131m\u201d b\u00f6l\u00fcm\u00fcnden de\u011fi\u015ftirebilirsiniz.<\/p><p>Bununla beraber 6698 say\u0131l\u0131 Ki\u015fisel Verileri Koruma Kanunu ve ilgili mevzuat uyar\u0131nca kendinizle ilgili;<\/p><ul><li>Ki\u015fisel veri i\u015flenip i\u015flenmedi\u011fini \u00f6\u011frenebilir,<\/li><li>Toplad\u0131\u011f\u0131m\u0131z bilgilere ili\u015fkin ayr\u0131nt\u0131lar\u0131 talep edebilir,<\/li><li>Bu bilgilerin ne ama\u00e7la topland\u0131\u011f\u0131n\u0131 ve ne \u015fekilde kullan\u0131ld\u0131\u011f\u0131n\u0131, yurt i\u00e7inde veya yurt d\u0131\u015f\u0131nda ki\u015fisel verilerin aktar\u0131ld\u0131\u011f\u0131 \u00fc\u00e7\u00fcnc\u00fc ki\u015fileri \u00f6\u011frenebilir veya<\/li><li>Eksik veya yanl\u0131\u015f i\u015flenmi\u015f olmas\u0131 h\u00e2linde bunlar\u0131n d\u00fczeltilmesini, g\u00fcncellenmesini isteyebilir<\/li><li>Bilgilerin i\u015flenmesini gerektiren sebepler ortadan kalkt\u0131ysa aktar\u0131m yap\u0131lan \u00fc\u00e7\u00fcnc\u00fc ki\u015filere yap\u0131lacak bildirimleri de kapsayacak \u015fekilde silinmesini isteyebilir<\/li><li>Otomatik analiz aleyhinize bir sonu\u00e7 do\u011furuyorsa, itiraz edebilirsiniz<\/li><li>Kanuna ayk\u0131r\u0131 olarak i\u015fleme halinde zarara u\u011framan\u0131z s\u00f6z konusu olursa zarar\u0131n giderilmesini talep edebilirsiniz.<\/li><\/ul><p><strong>Gizlilik Politikas\u0131\u2019 nda De\u011fi\u015fiklik Yap\u0131lmas\u0131<\/strong><\/p><p>Gizlilik Politikas\u0131 zaman zaman de\u011fi\u015ftirilebilir. Gizlilik Politikas\u0131 g\u00fcncellendi\u011finde web sitemizde duyurulacakt\u0131r.<\/p><p><strong>Bizimle \u0130leti\u015fime Ge\u00e7in<\/strong><\/p><p>Gizlilik Politikas\u0131 veya di\u011fer veri koruma uygulamalar\u0131m\u0131za ili\u015fkin herhangi bir soru veya endi\u015fenizin bulunmas\u0131 halinde veya bir eri\u015fim talebinizin bulunmas\u0131 halinde,\u00a0ba\u015fvuru formunu kullanarak ya da a\u015fa\u011f\u0131daki adreslerden bize ula\u015fabilirsiniz:<\/p><p><strong>E-posta:<\/strong>\u00a0box@kartonkutu.com.tr<br \/><strong>\u0130leti\u015fim adresi:<\/strong> Maltepe Mahallesi Fetih Caddesi \u0130pek \u0130\u015f Merkezi No:2\/1\/40 Zeytinburnu\/ \u0130stanbul <br \/><strong>Telefon numaras\u0131:<\/strong>\u00a00212 637 61 51<\/p>    <\/div>\n<\/div>\n<!-- \/module text -->        <\/div>\n                        <\/div>\n        <\/div>\n        <\/div>\n<!--\/themify_builder_content-->\n","protected":false},"excerpt":{"rendered":"<p>Privacy Policy And Rules<\/p>\n","protected":false},"author":1,"featured_media":0,"parent":0,"menu_order":0,"comment_status":"closed","ping_status":"closed","template":"","meta":{"footnotes":""},"class_list":["post-2895","page","type-page","status-publish","hentry","has-post-title","has-post-date","has-post-category","has-post-tag","has-post-comment","has-post-author",""],"_links":{"self":[{"href":"https:\/\/www.kartonkutu.com.tr\/en\/wp-json\/wp\/v2\/pages\/2895","targetHints":{"allow":["GET"]}}],"collection":[{"href":"https:\/\/www.kartonkutu.com.tr\/en\/wp-json\/wp\/v2\/pages"}],"about":[{"href":"https:\/\/www.kartonkutu.com.tr\/en\/wp-json\/wp\/v2\/types\/page"}],"author":[{"embeddable":true,"href":"https:\/\/www.kartonkutu.com.tr\/en\/wp-json\/wp\/v2\/users\/1"}],"replies":[{"embeddable":true,"href":"https:\/\/www.kartonkutu.com.tr\/en\/wp-json\/wp\/v2\/comments?post=2895"}],"version-history":[{"count":1,"href":"https:\/\/www.kartonkutu.com.tr\/en\/wp-json\/wp\/v2\/pages\/2895\/revisions"}],"predecessor-version":[{"id":2896,"href":"https:\/\/www.kartonkutu.com.tr\/en\/wp-json\/wp\/v2\/pages\/2895\/revisions\/2896"}],"wp:attachment":[{"href":"https:\/\/www.kartonkutu.com.tr\/en\/wp-json\/wp\/v2\/media?parent=2895"}],"curies":[{"name":"wp","href":"https:\/\/api.w.org\/{rel}","templated":true}]}}