{"id":2890,"date":"2022-02-14T13:27:48","date_gmt":"2022-02-14T10:27:48","guid":{"rendered":"https:\/\/www.kartonkutu.com.tr\/?page_id=2890"},"modified":"2022-11-21T14:02:52","modified_gmt":"2022-11-21T11:02:52","slug":"faq","status":"publish","type":"page","link":"https:\/\/www.kartonkutu.com.tr\/en\/faq\/","title":{"rendered":"FAQ"},"content":{"rendered":"<!--themify_builder_content-->\n<div id=\"themify_builder_content-2890\" data-postid=\"2890\" class=\"themify_builder_content themify_builder_content-2890 themify_builder tf_clear\">\n                    <div  data-css_id=\"amlo127\" data-lazy=\"1\" class=\"module_row themify_builder_row fullwidth tb_amlo127 tb_first tf_w\">\n                        <div class=\"row_inner col_align_top tb_col_count_3 tf_box tf_rel\">\n                        <div  data-lazy=\"1\" class=\"module_column tb-column col3-1 tb_hpzs128 first\">\n                            <\/div>\n                    <div  data-lazy=\"1\" class=\"module_column tb-column col3-1 tb_ple4127\">\n                    <!-- module text -->\n<div  class=\"module module-text tb_y2rh947   \" data-lazy=\"1\">\n        <div  class=\"tb_text_wrap\">\n        <p>Nas\u0131l yard\u0131mc\u0131 olabiliriz?<\/p>    <\/div>\n<\/div>\n<!-- \/module text --><!-- Search Form module -->\n<div  class=\"module tf_search_form module-search-form tb_q6ho950  tf_s_dropdown\" data-lazy=\"1\" data-ajax=\"dropdown\">\n\t\t    <form role=\"search\" method=\"get\" class=\"tbp_searchform tf_rel\" action=\"https:\/\/www.kartonkutu.com.tr\/en\/\">\n\n                    <input type=\"hidden\" name=\"post_type\" value=\"post\" \/>\n                    <input type=\"hidden\" name=\"tbp_s_tax\" value=\"category\" \/>\n                    <input type=\"hidden\" name=\"tbp_s_term\" value=\"sss%7Csingle\" \/>\n        \n        <div class=\"tf_rel tf_inline_b\">\n\t\t\t\t\t\t\t<div class=\"tf_icon_wrap\"><svg  class=\"tf_fa tf-ti-search\" xmlns:xlink=\"http:\/\/www.w3.org\/1999\/xlink\" aria-hidden=\"true\"><use href=\"#tf-ti-search\" xlink:href=\"#tf-ti-search\"><\/use><\/svg><\/div>\n\t\t\t            <input type=\"text\" name=\"s\" title=\"Cevaplarda Ara\" placeholder=\"Cevaplarda Ara\" value=\"\" autocomplete=\"off\">\n\n\t\t\t        <\/div>\n\t\t    <\/form>\n\t<\/div><!-- \/Search Form module -->\n        <\/div>\n                    <div  data-lazy=\"1\" class=\"module_column tb-column col3-1 tb_l45h127 last\">\n                            <\/div>\n                        <\/div>\n        <\/div>\n                        <div  data-lazy=\"1\" class=\"module_row themify_builder_row tb_oryn9 tf_w\">\n                        <div class=\"row_inner col_align_top tb_col_count_2 tf_box tf_rel\">\n                        <div  data-lazy=\"1\" class=\"module_column tb-column col4-2 tb_alua10 first\">\n                    <!-- module buttons -->\n<div  class=\"module module-buttons tb_1r6q929 buttons-horizontal solid  xlarge\" data-lazy=\"1\">\n        <div class=\"module-buttons-item tf_in_flx\">\n                        <a href=\"https:\/\/www.kartonkutu.com.tr\/teslimat-iade\/\" class=\"ui builder_button tf_in_flx transparent\" >\n                                    <em><svg  class=\"tf_fa tf-fas-truck\" xmlns:xlink=\"http:\/\/www.w3.org\/1999\/xlink\" aria-hidden=\"true\"><use href=\"#tf-fas-truck\" xlink:href=\"#tf-fas-truck\"><\/use><\/svg><\/em>                                        TESL\u0130MAT VE \u0130ADE                                        <\/a>\n                <\/div>\n            <\/div>\n<!-- \/module buttons -->\n        <\/div>\n                    <div  data-lazy=\"1\" class=\"module_column tb-column col4-2 tb_scjp74 last\">\n                    <!-- module buttons -->\n<div  class=\"module module-buttons tb_8gxm50 buttons-horizontal solid  xlarge\" data-lazy=\"1\">\n        <div class=\"module-buttons-item tf_in_flx\">\n                        <a href=\"https:\/\/www.kartonkutu.com.tr\/kalite\/\" class=\"ui builder_button tf_in_flx transparent\" >\n                                    <em><svg  class=\"tf_fa tf-fas-check\" xmlns:xlink=\"http:\/\/www.w3.org\/1999\/xlink\" aria-hidden=\"true\"><use href=\"#tf-fas-check\" xlink:href=\"#tf-fas-check\"><\/use><\/svg><\/em>                                        KAL\u0130TE                                        <\/a>\n                <\/div>\n            <\/div>\n<!-- \/module buttons -->\n        <\/div>\n                        <\/div>\n        <\/div>\n                        <div  data-lazy=\"1\" class=\"module_row themify_builder_row tb_9xje527 tf_w\">\n                        <div class=\"row_inner col_align_top tb_col_count_2 tf_box tf_rel\">\n                        <div  data-lazy=\"1\" class=\"module_column tb-column col4-2 tb_i7aj527 first\">\n                    <!-- module buttons -->\n<div  class=\"module module-buttons tb_vvx7528 buttons-horizontal solid  xlarge\" data-lazy=\"1\">\n        <div class=\"module-buttons-item tf_in_flx\">\n                        <a href=\"https:\/\/www.kartonkutu.com.tr\/fiyatlandirma\/\" class=\"ui builder_button tf_in_flx transparent\" >\n                                    <em><svg  class=\"tf_fa tf-fas-dollar\" xmlns:xlink=\"http:\/\/www.w3.org\/1999\/xlink\" aria-hidden=\"true\"><use href=\"#tf-fas-dollar\" xlink:href=\"#tf-fas-dollar\"><\/use><\/svg><\/em>                                        F\u0130YATLANDIRMA                                        <\/a>\n                <\/div>\n            <\/div>\n<!-- \/module buttons -->\n        <\/div>\n                    <div  data-lazy=\"1\" class=\"module_column tb-column col4-2 tb_8nxs528 last\">\n                    <!-- module buttons -->\n<div  class=\"module module-buttons tb_l2zv528 buttons-horizontal solid  xlarge\" data-lazy=\"1\">\n        <div class=\"module-buttons-item tf_in_flx\">\n                        <a href=\"https:\/\/www.kartonkutu.com.tr\/genel\/\" class=\"ui builder_button tf_in_flx transparent\" >\n                                    <em><svg  class=\"tf_fa tf-fas-question-circle\" xmlns:xlink=\"http:\/\/www.w3.org\/1999\/xlink\" aria-hidden=\"true\"><use href=\"#tf-fas-question-circle\" xlink:href=\"#tf-fas-question-circle\"><\/use><\/svg><\/em>                                        GENEL                                        <\/a>\n                <\/div>\n            <\/div>\n<!-- \/module buttons -->\n        <\/div>\n                        <\/div>\n        <\/div>\n                        <div  data-lazy=\"1\" class=\"module_row themify_builder_row tb_01lm267 tf_w\">\n                        <div class=\"row_inner col_align_top tb_col_count_2 tf_box tf_rel\">\n                        <div  data-lazy=\"1\" class=\"module_column tb-column col4-2 tb_zn3f268 first\">\n                    <!-- module buttons -->\n<div  class=\"module module-buttons tb_u7js268 buttons-horizontal solid  xlarge\" data-lazy=\"1\">\n        <div class=\"module-buttons-item tf_in_flx\">\n                        <a href=\"#\" class=\"ui builder_button tf_in_flx transparent\" >\n                                    <em><svg  class=\"tf_fa tf-fas-print\" xmlns:xlink=\"http:\/\/www.w3.org\/1999\/xlink\" aria-hidden=\"true\"><use href=\"#tf-fas-print\" xlink:href=\"#tf-fas-print\"><\/use><\/svg><\/em>                                        BASKI                                        <\/a>\n                <\/div>\n            <\/div>\n<!-- \/module buttons -->\n        <\/div>\n                    <div  data-lazy=\"1\" class=\"module_column tb-column col4-2 tb_ffeb268 last\">\n                    <!-- module buttons -->\n<div  class=\"module module-buttons tb_fliu268 buttons-horizontal solid  xlarge\" data-lazy=\"1\">\n        <div class=\"module-buttons-item tf_in_flx\">\n                        <a href=\"https:\/\/www.kartonkutu.com.tr\/eko-kimlik-ve-yeniden-kullanim\/\" class=\"ui builder_button tf_in_flx transparent\" >\n                                    <em><svg  class=\"tf_fa tf-fas-recycle\" xmlns:xlink=\"http:\/\/www.w3.org\/1999\/xlink\" aria-hidden=\"true\"><use href=\"#tf-fas-recycle\" xlink:href=\"#tf-fas-recycle\"><\/use><\/svg><\/em>                                        EKO-K\u0130ML\u0130K                                        <\/a>\n                <\/div>\n            <\/div>\n<!-- \/module buttons -->\n        <\/div>\n                        <\/div>\n        <\/div>\n                        <div  data-lazy=\"1\" class=\"module_row themify_builder_row tb_0myb914 tf_w\">\n                        <div class=\"row_inner col_align_top tb_col_count_3 tf_box tf_rel\">\n                        <div  data-lazy=\"1\" class=\"module_column tb-column col4-1 tb_h3v7914 first\">\n                            <\/div>\n                    <div  data-lazy=\"1\" class=\"module_column tb-column col4-2 tb_fvqf604\">\n                    <!-- module text -->\n<div  class=\"module module-text tb_c0jf111   \" data-lazy=\"1\">\n        <div  class=\"tb_text_wrap\">\n        <p style=\"text-align: center;\">ARADI\u011eINIZI BULAMIYOR MUSUNUZ?<\/p>    <\/div>\n<\/div>\n<!-- \/module text --><!-- module buttons -->\n<div  class=\"module module-buttons tb_1yyo160 buttons-horizontal solid  xlarge\" data-lazy=\"1\">\n        <div class=\"module-buttons-item tf_in_flx\">\n                        <a href=\"https:\/\/www.kartonkutu.com.tr\/iletisim\/\" class=\"ui builder_button tf_in_flx transparent\" >\n                                                B\u0130ZE ULA\u015eIN                                        <\/a>\n                <\/div>\n            <\/div>\n<!-- \/module buttons -->\n        <\/div>\n                    <div  data-lazy=\"1\" class=\"module_column tb-column col4-1 tb_jvtm604 last\">\n                            <\/div>\n                        <\/div>\n        <\/div>\n        <\/div>\n<!--\/themify_builder_content-->","protected":false},"excerpt":{"rendered":"<p>Nas\u0131l yard\u0131mc\u0131 olabiliriz? TESL\u0130MAT VE \u0130ADE KAL\u0130TE F\u0130YATLANDIRMA GENEL BASKI EKO-K\u0130ML\u0130K ARADI\u011eINIZI BULAMIYOR MUSUNUZ? B\u0130ZE ULA\u015eIN<\/p>\n","protected":false},"author":1,"featured_media":0,"parent":0,"menu_order":0,"comment_status":"closed","ping_status":"closed","template":"","meta":{"footnotes":""},"class_list":["post-2890","page","type-page","status-publish","hentry","has-post-title","has-post-date","has-post-category","has-post-tag","has-post-comment","has-post-author",""],"_links":{"self":[{"href":"https:\/\/www.kartonkutu.com.tr\/en\/wp-json\/wp\/v2\/pages\/2890","targetHints":{"allow":["GET"]}}],"collection":[{"href":"https:\/\/www.kartonkutu.com.tr\/en\/wp-json\/wp\/v2\/pages"}],"about":[{"href":"https:\/\/www.kartonkutu.com.tr\/en\/wp-json\/wp\/v2\/types\/page"}],"author":[{"embeddable":true,"href":"https:\/\/www.kartonkutu.com.tr\/en\/wp-json\/wp\/v2\/users\/1"}],"replies":[{"embeddable":true,"href":"https:\/\/www.kartonkutu.com.tr\/en\/wp-json\/wp\/v2\/comments?post=2890"}],"version-history":[{"count":1,"href":"https:\/\/www.kartonkutu.com.tr\/en\/wp-json\/wp\/v2\/pages\/2890\/revisions"}],"predecessor-version":[{"id":2891,"href":"https:\/\/www.kartonkutu.com.tr\/en\/wp-json\/wp\/v2\/pages\/2890\/revisions\/2891"}],"wp:attachment":[{"href":"https:\/\/www.kartonkutu.com.tr\/en\/wp-json\/wp\/v2\/media?parent=2890"}],"curies":[{"name":"wp","href":"https:\/\/api.w.org\/{rel}","templated":true}]}}