{"id":2788,"date":"2019-08-09T02:14:45","date_gmt":"2019-08-08T23:14:45","guid":{"rendered":"https:\/\/www.kartonkutu.com.tr\/?page_id=2788"},"modified":"2024-02-14T12:15:09","modified_gmt":"2024-02-14T09:15:09","slug":"contact","status":"publish","type":"page","link":"https:\/\/www.kartonkutu.com.tr\/en\/contact\/","title":{"rendered":"Contact"},"content":{"rendered":"<!--themify_builder_content-->\n<div id=\"themify_builder_content-2788\" data-postid=\"2788\" class=\"themify_builder_content themify_builder_content-2788 themify_builder tf_clear\">\n                    <div  data-css_id=\"chtz721\" data-lazy=\"1\" class=\"module_row themify_builder_row fullwidth_row_container tb_chtz721 tb_first tf_w\">\n            <span  class=\"builder_row_cover tf_abs\" data-lazy=\"1\"><\/span>            <div class=\"row_inner col_align_top gutter-none tb_col_count_2 tf_box tf_rel\">\n                        <div  data-lazy=\"1\" class=\"module_column tb-column col4-2 tb_q4wo203 first\">\n                    <!-- module text -->\n<div  class=\"module module-text tb_wfmu773   \" data-lazy=\"1\">\n        <div  class=\"tb_text_wrap\">\n        <p><strong>KARTON KUTU<\/strong><br><strong>MATBAA AMBALAJ SAN.<\/strong><\/p>    <\/div>\n<\/div>\n<!-- \/module text --><!-- module text -->\n<div  class=\"module module-text tb_t1yr207   \" data-lazy=\"1\">\n        <div  class=\"tb_text_wrap\">\n        <p>Karton Kutu Matbaa Ambalaj San.<br \/>\nMaltepe Mahallesi Davutpa\u015fa Cd. D-100 Ba\u011flant\u0131 Yolu,<br \/>\nFetih Cad. \u0130pek \u0130\u015f Merkezi No:6 D:40<br \/>\n34010<br \/>\nTopkap\u0131 &#8211; Zeytinburnu &#8211; \u0130stanbul<\/p>\n    <\/div>\n<\/div>\n<!-- \/module text --><!-- module icon -->\n<div  class=\"module module-icon tb_0xwq760  large circle icon_horizontal \" data-lazy=\"1\">\n\t\t\t<div class=\"module-icon-item\">\n\t\t\t\t\t\t\t<a href=\"mailto:box@kartonkutu.com.tr\">\n\t\t\t\t\t\t\t\t\t\t\t\t\t\t\t\t\t<em class=\"tf_box\"\n\t\t\t\t\t\t\t\t\t\t\t\t style=\"color:#000000\"\t\t\t\t\t><svg  class=\"tf_fa tf-fas-envelope\" xmlns:xlink=\"http:\/\/www.w3.org\/1999\/xlink\" aria-hidden=\"true\"><use href=\"#tf-fas-envelope\" xlink:href=\"#tf-fas-envelope\"><\/use><\/svg><\/em>\n\t\t\t\t\t\t\t\t\t\t\t\t\t\t\t\t\t\t\t<span>box@kartonkutu.com.tr<\/span>\n\t\t\t\t\t\t\t\t\t\t\t\t\t\t\t\t\t<\/a>\n\t\t\t\t\t<\/div>\n\t<\/div>\n<!-- \/module icon -->\n<!-- module icon -->\n<div  class=\"module module-icon tb_ukxa78  large circle icon_horizontal \" data-lazy=\"1\">\n\t\t\t<div class=\"module-icon-item\">\n\t\t\t\t\t\t\t<a href=\"tel:905323091289\">\n\t\t\t\t\t\t\t\t\t\t\t\t\t\t\t\t\t<em class=\"tf_box\"\n\t\t\t\t\t\t\t\t\t\t\t\t style=\"color:#000000\"\t\t\t\t\t><svg  class=\"tf_fa tf-fas-phone-square-alt\" xmlns:xlink=\"http:\/\/www.w3.org\/1999\/xlink\" aria-hidden=\"true\"><use href=\"#tf-fas-phone-square-alt\" xlink:href=\"#tf-fas-phone-square-alt\"><\/use><\/svg><\/em>\n\t\t\t\t\t\t\t\t\t\t\t\t\t\t\t\t\t\t\t<span>+90 532 309 1(289)<\/span>\n\t\t\t\t\t\t\t\t\t\t\t\t\t\t\t\t\t<\/a>\n\t\t\t\t\t<\/div>\n\t<\/div>\n<!-- \/module icon -->\n<!-- module icon -->\n<div  class=\"module module-icon tb_xnwm175  large circle icon_horizontal \" data-lazy=\"1\">\n\t\t\t<div class=\"module-icon-item\">\n\t\t\t\t\t\t\t<a href=\"https:\/\/wa.me\/905323091289\">\n\t\t\t\t\t\t\t\t\t\t\t\t\t\t\t\t\t<em class=\"tf_box\"\n\t\t\t\t\t\t\t\t\t\t\t\t style=\"color:#34c200\"\t\t\t\t\t><svg  class=\"tf_fa tf-fab-whatsapp\" xmlns:xlink=\"http:\/\/www.w3.org\/1999\/xlink\" aria-hidden=\"true\"><use href=\"#tf-fab-whatsapp\" xlink:href=\"#tf-fab-whatsapp\"><\/use><\/svg><\/em>\n\t\t\t\t\t\t\t\t\t\t\t\t\t\t\t\t\t\t\t<span>+90 532 309 1(289)<\/span>\n\t\t\t\t\t\t\t\t\t\t\t\t\t\t\t\t\t<\/a>\n\t\t\t\t\t<\/div>\n\t<\/div>\n<!-- \/module icon -->\n<!-- module text -->\n<div  class=\"module module-text tb_r63l487   \" data-lazy=\"1\">\n        <div  class=\"tb_text_wrap\">\n        <p><b>Working Hours::<\/b><\/p>\n    <\/div>\n<\/div>\n<!-- \/module text --><!-- module text -->\n<div  class=\"module module-text tb_a115229  repeat \" data-lazy=\"1\">\n        <div  class=\"tb_text_wrap\">\n        <p>Weekday: 09:00 &#8211; 18:00<br \/>Weekend: 09:00 &#8211; 13:00<\/p>    <\/div>\n<\/div>\n<!-- \/module text -->        <\/div>\n                    <div  data-lazy=\"1\" class=\"module_column tb-column col4-2 tb_br81721 last\">\n                    <!-- module plain text -->\n<div  class=\"module module-plain-text tb_po48752 \" data-lazy=\"1\">\n        <div class=\"tb_text_wrap\">\n    \n<div class=\"wpcf7 no-js\" id=\"wpcf7-f2789-o1\" lang=\"en-US\" dir=\"ltr\" data-wpcf7-id=\"2789\">\n<div class=\"screen-reader-response\"><p role=\"status\" aria-live=\"polite\" aria-atomic=\"true\"><\/p> <ul><\/ul><\/div>\n<form action=\"\/en\/wp-json\/wp\/v2\/pages\/2788#wpcf7-f2789-o1\" method=\"post\" class=\"wpcf7-form init\" aria-label=\"Contact form\" novalidate=\"novalidate\" data-status=\"init\">\n<fieldset class=\"hidden-fields-container\"><input type=\"hidden\" name=\"_wpcf7\" value=\"2789\" \/><input type=\"hidden\" name=\"_wpcf7_version\" value=\"6.1.5\" \/><input type=\"hidden\" name=\"_wpcf7_locale\" value=\"en_US\" \/><input type=\"hidden\" name=\"_wpcf7_unit_tag\" value=\"wpcf7-f2789-o1\" \/><input type=\"hidden\" name=\"_wpcf7_container_post\" value=\"0\" \/><input type=\"hidden\" name=\"_wpcf7_posted_data_hash\" value=\"\" \/>\n<\/fieldset>\n<div class=\"wp-block-columns\" style=\"margin-bottom: 0;\">\n\t<div class=\"wp-block-column\" style=\"margin-top: 0; margin-bottom: 5px;\">\n\t\t<p><span class=\"wpcf7-form-control-wrap\" data-name=\"isim\"><input size=\"40\" maxlength=\"400\" class=\"wpcf7-form-control wpcf7-text wpcf7-validates-as-required\" aria-required=\"true\" aria-invalid=\"false\" placeholder=\"Name\" value=\"\" type=\"text\" name=\"isim\" \/><\/span>\n\t\t<\/p>\n\t\t<p><span class=\"wpcf7-form-control-wrap\" data-name=\"sorunuz-menu\"><select class=\"wpcf7-form-control wpcf7-select\" aria-invalid=\"false\" name=\"sorunuz-menu\"><option value=\"What is your question about?\">What is your question about?<\/option><option value=\"Delivery\">Delivery<\/option><option value=\"Quality\">Quality<\/option><option value=\"Stock\">Stock<\/option><option value=\"Special order\">Special order<\/option><option value=\"Other\">Other<\/option><\/select><\/span>\n\t\t<\/p>\n\t<\/div>\n\t<div class=\"wp-block-column\" style=\"margin-top: 0; \">\n\t\t<p><span class=\"wpcf7-form-control-wrap\" data-name=\"your-email\"><input size=\"40\" maxlength=\"400\" class=\"wpcf7-form-control wpcf7-email wpcf7-text wpcf7-validates-as-email\" aria-invalid=\"false\" placeholder=\"E-mail\" value=\"\" type=\"email\" name=\"your-email\" \/><\/span>\n\t\t<\/p>\n\t\t<p><span class=\"wpcf7-form-control-wrap\" data-name=\"siparis-no\"><input size=\"40\" maxlength=\"400\" class=\"wpcf7-form-control wpcf7-text\" aria-invalid=\"false\" placeholder=\"Order Number\" value=\"\" type=\"text\" name=\"siparis-no\" \/><\/span>\n\t\t<\/p>\n\t<\/div>\n<\/div>\n<div style=\"margin-top: 5px;\">\n\t<p><span class=\"wpcf7-form-control-wrap\" data-name=\"konu\"><textarea cols=\"40\" rows=\"10\" maxlength=\"2000\" class=\"wpcf7-form-control wpcf7-textarea\" aria-invalid=\"false\" placeholder=\"Subject\" name=\"konu\"><\/textarea><\/span>\n\t<\/p>\n<\/div>\n<div style=\"margin-top: 20px;\">\n\t<p><input class=\"wpcf7-form-control wpcf7-submit has-spinner\" type=\"submit\" value=\"Submit\" \/>\n\t<\/p>\n<\/div><div class=\"wpcf7-response-output\" aria-hidden=\"true\"><\/div>\n<\/form>\n<\/div>\n    <\/div>\n<\/div>\n<!-- \/module plain text -->        <\/div>\n                        <\/div>\n        <\/div>\n                        <div  data-lazy=\"1\" class=\"module_row themify_builder_row tb_7g8k495 tf_w\">\n            <span  class=\"builder_row_cover tf_abs\" data-lazy=\"1\"><\/span>            <div class=\"row_inner col_align_top gutter-none tb_col_count_2 tf_box tf_rel\">\n                        <div  data-lazy=\"1\" class=\"module_column tb-column col4-2 tb_cjt1497 first\">\n                    <!-- module plain text -->\n<div  class=\"module module-plain-text tb_0eqn259 \" data-lazy=\"1\">\n        <div class=\"tb_text_wrap\">\n    <iframe src=\"https:\/\/www.google.com\/maps\/embed?pb=!1m18!1m12!1m3!1d3010.2018831553632!2d28.912600332082512!3d41.0208389603994!2m3!1f0!2f0!3f0!3m2!1i1024!2i768!4f13.1!3m3!1m2!1s0x14cabb1fed00688d%3A0xd334d5ca6db2a5fe!2sKARTON%20KUTU%20MATBAA%20AMBALAJ%20SAN%20%2F%20Alk%C4%B1%C5%9F%20Tan%C4%B1t%C4%B1m%20-%20Kartonkutu!5e0!3m2!1str!2str!4v1655891168927!5m2!1str!2str\" width=\"600\" height=\"450\" style=\"border:0;\" allowfullscreen=\"\" loading=\"lazy\" referrerpolicy=\"no-referrer-when-downgrade\"><\/iframe>    <\/div>\n<\/div>\n<!-- \/module plain text -->        <\/div>\n                    <div  data-lazy=\"1\" class=\"module_column tb-column col4-2 tb_xin7496 last\">\n                    <!-- module buttons -->\n<div  class=\"module module-buttons tb_bbx556 buttons-horizontal solid  xlarge rounded\" data-lazy=\"1\">\n        <div class=\"module-buttons-item tf_in_flx\">\n                        <a href=\"https:\/\/www.kartonkutu.com.tr\/en\/get-offer\/\" class=\"ui builder_button tf_in_flx tb_default_color\" >\n                                                TEKL\u0130F AL                                        <\/a>\n                <\/div>\n            <\/div>\n<!-- \/module buttons -->\n        <\/div>\n                        <\/div>\n        <\/div>\n        <\/div>\n<!--\/themify_builder_content-->","protected":false},"excerpt":{"rendered":"<p>KARTON KUTU MATBAA AMBALAJ SAN. box@kartonkutu.com.tr +90 532 309 1(289) +90 532 309 1(289) \u00c7al\u0131\u015fma Saatlerimiz: Hafta i\u00e7i: 09:00 &#8211; 18:00 Hafta sonu: 09:00 &#8211; 13:00 TEKL\u0130F AL<\/p>\n","protected":false},"author":1,"featured_media":0,"parent":0,"menu_order":0,"comment_status":"closed","ping_status":"closed","template":"","meta":{"footnotes":""},"class_list":["post-2788","page","type-page","status-publish","hentry","has-post-title","has-post-date","has-post-category","has-post-tag","has-post-comment","has-post-author",""],"_links":{"self":[{"href":"https:\/\/www.kartonkutu.com.tr\/en\/wp-json\/wp\/v2\/pages\/2788","targetHints":{"allow":["GET"]}}],"collection":[{"href":"https:\/\/www.kartonkutu.com.tr\/en\/wp-json\/wp\/v2\/pages"}],"about":[{"href":"https:\/\/www.kartonkutu.com.tr\/en\/wp-json\/wp\/v2\/types\/page"}],"author":[{"embeddable":true,"href":"https:\/\/www.kartonkutu.com.tr\/en\/wp-json\/wp\/v2\/users\/1"}],"replies":[{"embeddable":true,"href":"https:\/\/www.kartonkutu.com.tr\/en\/wp-json\/wp\/v2\/comments?post=2788"}],"version-history":[{"count":6,"href":"https:\/\/www.kartonkutu.com.tr\/en\/wp-json\/wp\/v2\/pages\/2788\/revisions"}],"predecessor-version":[{"id":3949,"href":"https:\/\/www.kartonkutu.com.tr\/en\/wp-json\/wp\/v2\/pages\/2788\/revisions\/3949"}],"wp:attachment":[{"href":"https:\/\/www.kartonkutu.com.tr\/en\/wp-json\/wp\/v2\/media?parent=2788"}],"curies":[{"name":"wp","href":"https:\/\/api.w.org\/{rel}","templated":true}]}}