{"id":2777,"date":"2022-05-25T11:00:39","date_gmt":"2022-05-25T08:00:39","guid":{"rendered":"https:\/\/www.kartonkutu.com.tr\/?page_id=2777"},"modified":"2022-11-01T15:04:03","modified_gmt":"2022-11-01T12:04:03","slug":"special-offer","status":"publish","type":"page","link":"https:\/\/www.kartonkutu.com.tr\/en\/special-offer\/","title":{"rendered":"Special Offer"},"content":{"rendered":"<!--themify_builder_content-->\n<div id=\"themify_builder_content-2777\" data-postid=\"2777\" class=\"themify_builder_content themify_builder_content-2777 themify_builder tf_clear\">\n                    <div  data-lazy=\"1\" class=\"module_row themify_builder_row tb_gvd2690 tb_first tf_w\">\n                        <div class=\"row_inner gutter-none col_align_top tb_col_count_1 tf_box tf_rel\">\n                        <div  data-lazy=\"1\" class=\"module_column tb-column col-full tb_3dl5691 first\">\n                    <div  class=\"module themify_builder_slider_wrap tf_clearfix module-slider tb_k7j2908  slider-default  \" data-lazy=\"1\">\n        <div class=\"themify_builder_slider tf_carousel tf_swiper-container tf_rel tf_overflow\" data-lazy=\"1\"        data-visible=\"1\"\n        data-tab-visible=\"1\"\n        data-mob-visible=\"1\"\n        data-scroll=\"1\"\n                            data-auto=\"4000\"\n            data-controller=\"0\"\n            data-pause_hover=\"0\"\n                data-speed=\"normal\"\n        data-wrapvar=\"0\"\n        data-slider_nav=\"1\"\n        data-pager=\"0\"\n        data-effect=\"scroll\" \n        data-height=\"variable\"\n        data-css_url=\"https:\/\/www.kartonkutu.com.tr\/wp-content\/themes\/themify-shoppe\/themify\/themify-builder\/css\/modules\/sliders\/carousel,https:\/\/www.kartonkutu.com.tr\/wp-content\/themes\/themify-shoppe\/themify\/themify-builder\/css\/modules\/sliders\/slider\"\n                    >\n        <div class=\"tf_swiper-wrapper tf_lazy tf_rel tf_w tf_h tf_textc\">\n                         <div class=\"tf_swiper-slide\">            <div class=\"slide-inner-wrap\">\n                                    <div class=\"tf_rel tf_lazy slide-image\">\n                                                                            <img decoding=\"async\" width=\"2559\" height=\"1149\" src=\"https:\/\/www.kartonkutu.com.tr\/wp-content\/uploads\/2022\/11\/5-min-1.png\" class=\"wp-post-image wp-image-2780\" title=\"5-min\" alt=\"5-min\" srcset=\"https:\/\/www.kartonkutu.com.tr\/wp-content\/uploads\/2022\/11\/5-min-1.png 2559w, https:\/\/www.kartonkutu.com.tr\/wp-content\/uploads\/2022\/11\/5-min-1-300x135.png 300w, https:\/\/www.kartonkutu.com.tr\/wp-content\/uploads\/2022\/11\/5-min-1-1024x460.png 1024w, https:\/\/www.kartonkutu.com.tr\/wp-content\/uploads\/2022\/11\/5-min-1-768x345.png 768w, https:\/\/www.kartonkutu.com.tr\/wp-content\/uploads\/2022\/11\/5-min-1-1536x690.png 1536w, https:\/\/www.kartonkutu.com.tr\/wp-content\/uploads\/2022\/11\/5-min-1-2048x920.png 2048w, https:\/\/www.kartonkutu.com.tr\/wp-content\/uploads\/2022\/11\/5-min-1-600x269.png 600w\" sizes=\"(max-width: 2559px) 100vw, 2559px\" \/>                                            <\/div>\n                \n                            <\/div>\n        <\/div>                     <div class=\"tf_swiper-slide\" style=\"content-visibility:hidden\">            <div class=\"slide-inner-wrap\">\n                                    <div class=\"tf_rel tf_lazy slide-image\">\n                                                                            <img decoding=\"async\" width=\"2559\" height=\"1149\" src=\"https:\/\/www.kartonkutu.com.tr\/wp-content\/uploads\/2022\/11\/4-min-1.png\" class=\"wp-post-image wp-image-2778\" title=\"4-min\" alt=\"4-min\" srcset=\"https:\/\/www.kartonkutu.com.tr\/wp-content\/uploads\/2022\/11\/4-min-1.png 2559w, https:\/\/www.kartonkutu.com.tr\/wp-content\/uploads\/2022\/11\/4-min-1-300x135.png 300w, https:\/\/www.kartonkutu.com.tr\/wp-content\/uploads\/2022\/11\/4-min-1-1024x460.png 1024w, https:\/\/www.kartonkutu.com.tr\/wp-content\/uploads\/2022\/11\/4-min-1-768x345.png 768w, https:\/\/www.kartonkutu.com.tr\/wp-content\/uploads\/2022\/11\/4-min-1-1536x690.png 1536w, https:\/\/www.kartonkutu.com.tr\/wp-content\/uploads\/2022\/11\/4-min-1-2048x920.png 2048w, https:\/\/www.kartonkutu.com.tr\/wp-content\/uploads\/2022\/11\/4-min-1-600x269.png 600w\" sizes=\"(max-width: 2559px) 100vw, 2559px\" \/>                                            <\/div>\n                \n                            <\/div>\n        <\/div>            <\/div>\n    <\/div>\n<\/div>\n        <\/div>\n                        <\/div>\n        <\/div>\n                        <div  data-lazy=\"1\" class=\"module_row themify_builder_row tb_5jim257 tf_w\">\n                        <div class=\"row_inner col_align_top tb_col_count_3 tf_box tf_rel\">\n                        <div  data-lazy=\"1\" class=\"module_column tb-column col3-1 tb_kvz1257 first\">\n                    <!-- module image -->\n<div  class=\"module module-image tb_fpgv958 image-center   tf_mw\" data-lazy=\"1\">\n        <div class=\"image-wrap tf_rel tf_mw\">\n            <img decoding=\"async\" width=\"1920\" height=\"1280\" src=\"https:\/\/www.kartonkutu.com.tr\/wp-content\/uploads\/2022\/07\/1o.jpg\" class=\"wp-post-image wp-image-1625\" title=\"1o\" alt=\"1o\" srcset=\"https:\/\/www.kartonkutu.com.tr\/wp-content\/uploads\/2022\/07\/1o.jpg 1920w, https:\/\/www.kartonkutu.com.tr\/wp-content\/uploads\/2022\/07\/1o-300x200.jpg 300w, https:\/\/www.kartonkutu.com.tr\/wp-content\/uploads\/2022\/07\/1o-1024x683.jpg 1024w, https:\/\/www.kartonkutu.com.tr\/wp-content\/uploads\/2022\/07\/1o-768x512.jpg 768w, https:\/\/www.kartonkutu.com.tr\/wp-content\/uploads\/2022\/07\/1o-1536x1024.jpg 1536w, https:\/\/www.kartonkutu.com.tr\/wp-content\/uploads\/2022\/07\/1o-600x400.jpg 600w\" sizes=\"(max-width: 1920px) 100vw, 1920px\" \/>    \n        <\/div>\n    <!-- \/image-wrap -->\n    \n        <\/div>\n<!-- \/module image --><!-- module text -->\n<div  class=\"module module-text tb_lb0054   \" data-lazy=\"1\">\n        <div  class=\"tb_text_wrap\">\n        <p style=\"text-align: center;\">If you need a custom box for your product, no problem! We can tailor almost any box to the size you need.<\/p>    <\/div>\n<\/div>\n<!-- \/module text -->        <\/div>\n                    <div  data-lazy=\"1\" class=\"module_column tb-column col3-1 tb_naxz934\">\n                    <!-- module image -->\n<div  class=\"module module-image tb_bfmq614 image-center   tf_mw\" data-lazy=\"1\">\n        <div class=\"image-wrap tf_rel tf_mw\">\n            <img decoding=\"async\" width=\"1920\" height=\"1280\" src=\"https:\/\/www.kartonkutu.com.tr\/wp-content\/uploads\/2022\/07\/2o.jpg\" class=\"wp-post-image wp-image-1621\" title=\"2o\" alt=\"2o\" srcset=\"https:\/\/www.kartonkutu.com.tr\/wp-content\/uploads\/2022\/07\/2o.jpg 1920w, https:\/\/www.kartonkutu.com.tr\/wp-content\/uploads\/2022\/07\/2o-300x200.jpg 300w, https:\/\/www.kartonkutu.com.tr\/wp-content\/uploads\/2022\/07\/2o-1024x683.jpg 1024w, https:\/\/www.kartonkutu.com.tr\/wp-content\/uploads\/2022\/07\/2o-768x512.jpg 768w, https:\/\/www.kartonkutu.com.tr\/wp-content\/uploads\/2022\/07\/2o-1536x1024.jpg 1536w, https:\/\/www.kartonkutu.com.tr\/wp-content\/uploads\/2022\/07\/2o-600x400.jpg 600w\" sizes=\"(max-width: 1920px) 100vw, 1920px\" \/>    \n        <\/div>\n    <!-- \/image-wrap -->\n    \n        <\/div>\n<!-- \/module image --><!-- module text -->\n<div  class=\"module module-text tb_ki1d681   \" data-lazy=\"1\">\n        <div  class=\"tb_text_wrap\">\n        <p style=\"text-align: center;\">We will produce the necessary packaging for your brand-specific product. Your box will be unique!<\/p>    <\/div>\n<\/div>\n<!-- \/module text -->        <\/div>\n                    <div  data-lazy=\"1\" class=\"module_column tb-column col3-1 tb_zulh935 last\">\n                    <!-- module image -->\n<div  class=\"module module-image tb_qrbd38 image-center   tf_mw\" data-lazy=\"1\">\n        <div class=\"image-wrap tf_rel tf_mw\">\n            <img decoding=\"async\" width=\"1920\" height=\"1280\" src=\"https:\/\/www.kartonkutu.com.tr\/wp-content\/uploads\/2022\/07\/3o.jpg\" class=\"wp-post-image wp-image-1623\" title=\"3o\" alt=\"3o\" srcset=\"https:\/\/www.kartonkutu.com.tr\/wp-content\/uploads\/2022\/07\/3o.jpg 1920w, https:\/\/www.kartonkutu.com.tr\/wp-content\/uploads\/2022\/07\/3o-300x200.jpg 300w, https:\/\/www.kartonkutu.com.tr\/wp-content\/uploads\/2022\/07\/3o-1024x683.jpg 1024w, https:\/\/www.kartonkutu.com.tr\/wp-content\/uploads\/2022\/07\/3o-768x512.jpg 768w, https:\/\/www.kartonkutu.com.tr\/wp-content\/uploads\/2022\/07\/3o-1536x1024.jpg 1536w, https:\/\/www.kartonkutu.com.tr\/wp-content\/uploads\/2022\/07\/3o-600x400.jpg 600w\" sizes=\"(max-width: 1920px) 100vw, 1920px\" \/>    \n        <\/div>\n    <!-- \/image-wrap -->\n    \n        <\/div>\n<!-- \/module image --><!-- module text -->\n<div  class=\"module module-text tb_yzdn830   \" data-lazy=\"1\">\n        <div  class=\"tb_text_wrap\">\n        <p style=\"text-align: center;\">Great if you know exactly what you need, we can make it a reality. Or we can help you choose the perfect box for your business.<\/p>    <\/div>\n<\/div>\n<!-- \/module text -->        <\/div>\n                        <\/div>\n        <\/div>\n                        <div  data-lazy=\"1\" class=\"module_row themify_builder_row tb_wy0a2 tf_w\">\n                        <div class=\"row_inner col_align_top tb_col_count_2 tf_box tf_rel\">\n                        <div  data-lazy=\"1\" class=\"module_column tb-column col4-2 tb_wxyo2 first\">\n                    <!-- module plain text -->\n<div  class=\"module module-plain-text tb_ab79888 \" data-lazy=\"1\">\n        <div class=\"tb_text_wrap\">\n    <h3>GET OFFER<\/h3><br>\n\n\n<div class=\"wpcf7 no-js\" id=\"wpcf7-f2784-o1\" lang=\"en-US\" dir=\"ltr\" data-wpcf7-id=\"2784\">\n<div class=\"screen-reader-response\"><p role=\"status\" aria-live=\"polite\" aria-atomic=\"true\"><\/p> <ul><\/ul><\/div>\n<form action=\"\/en\/wp-json\/wp\/v2\/pages\/2777#wpcf7-f2784-o1\" method=\"post\" class=\"wpcf7-form init\" aria-label=\"Contact form\" enctype=\"multipart\/form-data\" novalidate=\"novalidate\" data-status=\"init\">\n<fieldset class=\"hidden-fields-container\"><input type=\"hidden\" name=\"_wpcf7\" value=\"2784\" \/><input type=\"hidden\" name=\"_wpcf7_version\" value=\"6.1.5\" \/><input type=\"hidden\" name=\"_wpcf7_locale\" value=\"en_US\" \/><input type=\"hidden\" name=\"_wpcf7_unit_tag\" value=\"wpcf7-f2784-o1\" \/><input type=\"hidden\" name=\"_wpcf7_container_post\" value=\"0\" \/><input type=\"hidden\" name=\"_wpcf7_posted_data_hash\" value=\"\" \/>\n<\/fieldset>\n<div class=\"wp-block-columns\" style=\"margin-bottom: 0;\">\n\t<div class=\"wp-block-column\" style=\"margin-top: 0; margin-bottom: 0px;\">\n\t\t<p><span class=\"wpcf7-form-control-wrap\" data-name=\"ad-soyad\"><input size=\"40\" maxlength=\"400\" class=\"wpcf7-form-control wpcf7-text wpcf7-validates-as-required\" aria-required=\"true\" aria-invalid=\"false\" placeholder=\"Name\" value=\"\" type=\"text\" name=\"ad-soyad\" \/><\/span>\n\t\t<\/p>\n\t\t<p><span class=\"wpcf7-form-control-wrap\" data-name=\"telefon\"><input size=\"40\" maxlength=\"400\" class=\"wpcf7-form-control wpcf7-tel wpcf7-text wpcf7-validates-as-tel\" aria-invalid=\"false\" placeholder=\"Telephone\" value=\"\" type=\"tel\" name=\"telefon\" \/><\/span>\n\t\t<\/p>\n\t<\/div>\n\t<div class=\"wp-block-column\" style=\"margin-top: 0; \">\n\t\t<p><span class=\"wpcf7-form-control-wrap\" data-name=\"your-email\"><input size=\"40\" maxlength=\"400\" class=\"wpcf7-form-control wpcf7-email wpcf7-validates-as-required wpcf7-text wpcf7-validates-as-email\" aria-required=\"true\" aria-invalid=\"false\" placeholder=\"E-mail\" value=\"\" type=\"email\" name=\"your-email\" \/><\/span>\n\t\t<\/p>\n\t\t<p><span class=\"wpcf7-form-control-wrap\" data-name=\"firma-ismi\"><input size=\"40\" maxlength=\"400\" class=\"wpcf7-form-control wpcf7-text\" aria-invalid=\"false\" placeholder=\"Company Name\" value=\"\" type=\"text\" name=\"firma-ismi\" \/><\/span>\n\t\t<\/p>\n\t<\/div>\n<\/div>\n<div class=\"wp-block-columns\" style=\"margin-bottom: 0;\">\n\t<div class=\"wp-block-column\" style=\"margin-top: 0; margin-bottom: 0px;\">\n\t\t<p><span class=\"wpcf7-form-control-wrap\" data-name=\"urun-turu\"><select class=\"wpcf7-form-control wpcf7-select\" aria-invalid=\"false\" name=\"urun-turu\"><option value=\"Product Type\">Product Type<\/option><option value=\"Boxes\">Boxes<\/option><option value=\"Carton Bags\">Carton Bags<\/option><option value=\"Tag &amp; Labels\">Tag &amp; Labels<\/option><option value=\"Packaging Accessories\">Packaging Accessories<\/option><option value=\"Metal Accessories\">Metal Accessories<\/option><option value=\"Gift Cards\">Gift Cards<\/option><\/select><\/span>\n\t\t<\/p>\n\t\t<p><span class=\"wpcf7-form-control-wrap\" data-name=\"toplam-adet\"><input size=\"40\" maxlength=\"400\" class=\"wpcf7-form-control wpcf7-text\" aria-invalid=\"false\" placeholder=\"Total number\" value=\"\" type=\"text\" name=\"toplam-adet\" \/><\/span>\n\t\t<\/p>\n\t<\/div>\n\t<div class=\"wp-block-column\" style=\"margin-top: 0; \">\n\t\t<p><span class=\"wpcf7-form-control-wrap\" data-name=\"diger\"><input size=\"40\" maxlength=\"400\" class=\"wpcf7-form-control wpcf7-text\" aria-invalid=\"false\" placeholder=\"Other\" value=\"\" type=\"text\" name=\"diger\" \/><\/span>\n\t\t<\/p>\n\t\t<p><span class=\"wpcf7-form-control-wrap\" data-name=\"en-taban\"><input size=\"40\" maxlength=\"400\" class=\"wpcf7-form-control wpcf7-text\" aria-invalid=\"false\" placeholder=\"Width\" value=\"\" type=\"text\" name=\"en-taban\" \/><\/span>\n\t\t<\/p>\n\t<\/div>\n<\/div>\n<div class=\"wp-block-columns\" style=\"margin-bottom: 0;\">\n\t<div class=\"wp-block-column\" style=\"margin-top: 0; margin-bottom: 0px;\">\n\t\t<p><span class=\"wpcf7-form-control-wrap\" data-name=\"boy-taban\"><input size=\"40\" maxlength=\"400\" class=\"wpcf7-form-control wpcf7-text\" aria-invalid=\"false\" placeholder=\"Lenght\" value=\"\" type=\"text\" name=\"boy-taban\" \/><\/span>\n\t\t<\/p>\n\t<\/div>\n\t<div class=\"wp-block-column\" style=\"margin-top: 0px;\">\n\t\t<p><span class=\"wpcf7-form-control-wrap\" data-name=\"yukseklik\"><input size=\"40\" maxlength=\"400\" class=\"wpcf7-form-control wpcf7-text\" aria-invalid=\"false\" placeholder=\"Height\" value=\"\" type=\"text\" name=\"yukseklik\" \/><\/span>\n\t\t<\/p>\n\t<\/div>\n<\/div>\n<div style=\"margin-top: 15px;\">\n\t<p><span class=\"wpcf7-form-control-wrap\" data-name=\"message\"><textarea cols=\"40\" rows=\"10\" maxlength=\"2000\" class=\"wpcf7-form-control wpcf7-textarea\" aria-invalid=\"false\" placeholder=\"Note\" name=\"message\"><\/textarea><\/span>\n\t<\/p>\n<\/div>\n<div style=\"margin-top: 15px;\">\n\t<p><span class=\"wpcf7-form-control-wrap\" data-name=\"file-463\"><input size=\"40\" class=\"wpcf7-form-control wpcf7-file\" accept=\"audio\/*,video\/*,image\/*\" aria-invalid=\"false\" type=\"file\" name=\"file-463\" \/><\/span>\n\t<\/p>\n<\/div>\n<div style=\"margin-top: 20px;\">\n\t<p><input class=\"wpcf7-form-control wpcf7-submit has-spinner\" type=\"submit\" value=\"Submit\" \/>\n\t<\/p>\n<\/div><div class=\"wpcf7-response-output\" aria-hidden=\"true\"><\/div>\n<\/form>\n<\/div>\n    <\/div>\n<\/div>\n<!-- \/module plain text -->        <\/div>\n                    <div  data-lazy=\"1\" class=\"module_column tb-column col4-2 tb_5sur302 last\">\n                            <\/div>\n                        <\/div>\n        <\/div>\n        <\/div>\n<!--\/themify_builder_content-->","protected":false},"excerpt":{"rendered":"<p>\u00dcr\u00fcn\u00fcn\u00fcze \u00f6zel bir kutuya ihtiyac\u0131n\u0131z varsa, sorun de\u011fil! Hemen hemen her kutuyu ihtiyac\u0131n\u0131z olan boyuta uyarlayabiliriz. Markan\u0131za \u00f6zel \u00fcr\u00fcn\u00fcn\u00fcz i\u00e7in gerekli ambalaj\u0131n\u0131z\u0131 \u00fcretece\u011fiz. Kutunuz e\u015fsiz olacak! \u0130htiyac\u0131n\u0131z olan\u0131 tam olarak biliyorsan\u0131z harika, bunu ger\u00e7e\u011fe d\u00f6n\u00fc\u015ft\u00fcrebiliriz. Ya da i\u015fletmeniz i\u00e7in m\u00fckemmel kutuyu se\u00e7menize yard\u0131mc\u0131 olabiliriz. TEKL\u0130F AL<\/p>\n","protected":false},"author":1,"featured_media":0,"parent":0,"menu_order":0,"comment_status":"closed","ping_status":"closed","template":"","meta":{"footnotes":""},"class_list":["post-2777","page","type-page","status-publish","hentry","has-post-title","has-post-date","has-post-category","has-post-tag","has-post-comment","has-post-author",""],"_links":{"self":[{"href":"https:\/\/www.kartonkutu.com.tr\/en\/wp-json\/wp\/v2\/pages\/2777","targetHints":{"allow":["GET"]}}],"collection":[{"href":"https:\/\/www.kartonkutu.com.tr\/en\/wp-json\/wp\/v2\/pages"}],"about":[{"href":"https:\/\/www.kartonkutu.com.tr\/en\/wp-json\/wp\/v2\/types\/page"}],"author":[{"embeddable":true,"href":"https:\/\/www.kartonkutu.com.tr\/en\/wp-json\/wp\/v2\/users\/1"}],"replies":[{"embeddable":true,"href":"https:\/\/www.kartonkutu.com.tr\/en\/wp-json\/wp\/v2\/comments?post=2777"}],"version-history":[{"count":4,"href":"https:\/\/www.kartonkutu.com.tr\/en\/wp-json\/wp\/v2\/pages\/2777\/revisions"}],"predecessor-version":[{"id":2786,"href":"https:\/\/www.kartonkutu.com.tr\/en\/wp-json\/wp\/v2\/pages\/2777\/revisions\/2786"}],"wp:attachment":[{"href":"https:\/\/www.kartonkutu.com.tr\/en\/wp-json\/wp\/v2\/media?parent=2777"}],"curies":[{"name":"wp","href":"https:\/\/api.w.org\/{rel}","templated":true}]}}