{"id":2756,"date":"2022-07-19T19:00:33","date_gmt":"2022-07-19T16:00:33","guid":{"rendered":"https:\/\/www.kartonkutu.com.tr\/?page_id=2756"},"modified":"2022-11-01T14:50:18","modified_gmt":"2022-11-01T11:50:18","slug":"all-accessories","status":"publish","type":"page","link":"https:\/\/www.kartonkutu.com.tr\/en\/all-accessories\/","title":{"rendered":"ALL ACCESSORIES"},"content":{"rendered":"<!--themify_builder_content-->\n<div id=\"themify_builder_content-2756\" data-postid=\"2756\" class=\"themify_builder_content themify_builder_content-2756 themify_builder tf_clear\">\n                    <div  data-lazy=\"1\" class=\"module_row themify_builder_row tb_pmx0172 tb_first tf_w\">\n                        <div class=\"row_inner col_align_top tb_col_count_1 tf_box tf_rel\">\n                        <div  data-lazy=\"1\" class=\"module_column tb-column col-full tb_8k19173 first\">\n                    <!-- module image -->\n<div  class=\"module module-image tb_b31o683 image-top   tf_mw\" data-lazy=\"1\">\n        <div class=\"image-wrap tf_rel tf_mw\">\n            <img loading=\"lazy\" decoding=\"async\" width=\"2000\" height=\"300\" src=\"https:\/\/www.kartonkutu.com.tr\/wp-content\/uploads\/2022\/11\/22.png\" class=\"wp-post-image wp-image-2678\" title=\"22\" alt=\"22\" srcset=\"https:\/\/www.kartonkutu.com.tr\/wp-content\/uploads\/2022\/11\/22.png 2000w, https:\/\/www.kartonkutu.com.tr\/wp-content\/uploads\/2022\/11\/22-300x45.png 300w, https:\/\/www.kartonkutu.com.tr\/wp-content\/uploads\/2022\/11\/22-1024x154.png 1024w, https:\/\/www.kartonkutu.com.tr\/wp-content\/uploads\/2022\/11\/22-768x115.png 768w, https:\/\/www.kartonkutu.com.tr\/wp-content\/uploads\/2022\/11\/22-1536x230.png 1536w, https:\/\/www.kartonkutu.com.tr\/wp-content\/uploads\/2022\/11\/22-600x90.png 600w\" sizes=\"auto, (max-width: 2000px) 100vw, 2000px\" \/>    \n        <\/div>\n    <!-- \/image-wrap -->\n    \n        <\/div>\n<!-- \/module image -->        <\/div>\n                        <\/div>\n        <\/div>\n                        <div  data-lazy=\"1\" class=\"module_row themify_builder_row tb_ek81469 tf_w\">\n                        <div class=\"row_inner col_align_top tb_col_count_1 tf_box tf_rel\">\n                        <div  data-lazy=\"1\" class=\"module_column tb-column col-full tb_93we470 first\">\n                    <!-- advanced-products module -->\n<div  class=\"module woocommerce module-advanced-products tb_yauh532  themify_builder_content-yauh532\" data-lazy=\"1\">\n\t<form class=\"woocommerce-ordering\" method=\"get\">\n\t\t<select\n\t\tname=\"orderby\"\n\t\tclass=\"orderby\"\n\t\t\t\t\taria-label=\"Shop order\"\n\t\t\t>\n\t\t\t\t\t<option value=\"menu_order\"  selected='selected'>Default sorting<\/option>\n\t\t\t\t\t<option value=\"popularity\" >Sort by popularity<\/option>\n\t\t\t\t\t<option value=\"date\" >Sort by latest<\/option>\n\t\t\t\t\t<option value=\"price\" >Sort by price: low to high<\/option>\n\t\t\t\t\t<option value=\"price-desc\" >Sort by price: high to low<\/option>\n\t\t\t<\/select>\n\t<input type=\"hidden\" name=\"paged\" value=\"1\" \/>\n\t<\/form>\n\t\t<ul class=\"builder-posts-wrap loops-wrapper tbp_posts_wrap products grid4 tf_clear tf_clearfix\" data-lazy=\"1\">\n\t\t\n\t\t\n\t\t\t\t\t\t\t\t\t\t\t\t\t\t\t\t\t\t\t\t\t\t\t<li id=\"post-2824\" class=\"post tf_clearfix has-post-title has-post-date has-post-category has-post-tag has-post-comment has-post-author product type-product post-2824 status-publish first instock product_cat-accessories-en product_cat-tag-labels has-post-thumbnail taxable shipping-taxable product-type-simple\">\n\n\t\t\t\t\t\t\t    <div class=\"tbp_advanced_archive_wrap\">\n\t                <div  data-lazy=\"1\" class=\"module_row themify_builder_row tb_98m3682 tf_w\">\n                        <div class=\"row_inner col_align_top tb_col_count_1 tf_box tf_rel\">\n                        <div  data-lazy=\"1\" class=\"module_column tb-column col-full tb_gft2682 first\">\n                    <!-- Product Image module -->\n<div  class=\"module module-product-image tb_9otz683   thumb-img-bottom\" data-lazy=\"1\">\n\t<figure class=\"product-image sale-badge-left\">\n\t\t\t\t\t\t\t<a  href=\"https:\/\/www.kartonkutu.com.tr\/en\/urun\/sallanti-etiket-kraft\/\">\n\t\t\t\t<img loading=\"lazy\" decoding=\"async\" width=\"1000\" height=\"1000\" src=\"https:\/\/www.kartonkutu.com.tr\/wp-content\/uploads\/2022\/09\/sallanti-etiket-kraft1.png\" class=\"wp-post-image wp-image-2456\" title=\"sallant\u0131 etiket kraft1\" alt=\"sallant\u0131 etiket kraft1\" srcset=\"https:\/\/www.kartonkutu.com.tr\/wp-content\/uploads\/2022\/09\/sallanti-etiket-kraft1.png 1000w, https:\/\/www.kartonkutu.com.tr\/wp-content\/uploads\/2022\/09\/sallanti-etiket-kraft1-300x300.png 300w, https:\/\/www.kartonkutu.com.tr\/wp-content\/uploads\/2022\/09\/sallanti-etiket-kraft1-150x150.png 150w, https:\/\/www.kartonkutu.com.tr\/wp-content\/uploads\/2022\/09\/sallanti-etiket-kraft1-768x768.png 768w, https:\/\/www.kartonkutu.com.tr\/wp-content\/uploads\/2022\/09\/sallanti-etiket-kraft1-600x600.png 600w, https:\/\/www.kartonkutu.com.tr\/wp-content\/uploads\/2022\/09\/sallanti-etiket-kraft1-100x100.png 100w\" sizes=\"auto, (max-width: 1000px) 100vw, 1000px\" \/>\t\t\t\t\t\t<\/a>\n\t<\/figure>\n<\/div>\n<!-- \/Product Image module -->\n<!-- Product Title module -->\n<div  class=\"module module-product-title tb_93y8683 \" data-lazy=\"1\">\n\t<h2 class=\"tbp_title\">\n\t<a  href=\"https:\/\/www.kartonkutu.com.tr\/en\/urun\/sallanti-etiket-kraft\/\">\n\t\tSallant\u0131 Etiket Kraft\t\t<\/a>\n<\/h2><\/div>\n<!-- \/Product Title module -->        <\/div>\n                        <\/div>\n        <\/div>\n            <\/div>\n\n\t\t\t\t\t\t\t<\/li>\n\n\t\t\t\t\t\t\t\t\t\t\t\t\t\t\t\t\t\t\t\t\t\t\t\t\t\t\t\t\t\t<li id=\"post-2825\" class=\"post tf_clearfix has-post-title has-post-date has-post-category has-post-tag has-post-comment has-post-author product type-product post-2825 status-publish instock product_cat-accessories-en product_cat-tag-labels has-post-thumbnail taxable shipping-taxable product-type-simple\">\n\n\t\t\t\t\t\t\t    <div class=\"tbp_advanced_archive_wrap\">\n\t                <div  data-lazy=\"1\" class=\"module_row themify_builder_row tb_98m3682 tf_w\">\n                        <div class=\"row_inner col_align_top tb_col_count_1 tf_box tf_rel\">\n                        <div  data-lazy=\"1\" class=\"module_column tb-column col-full tb_gft2682 first\">\n                    <!-- Product Image module -->\n<div  class=\"module module-product-image tb_9otz683   thumb-img-bottom\" data-lazy=\"1\">\n\t<figure class=\"product-image sale-badge-left\">\n\t\t\t\t\t\t\t<a  href=\"https:\/\/www.kartonkutu.com.tr\/en\/urun\/sallanti-etiket-beyaz\/\">\n\t\t\t\t<img loading=\"lazy\" decoding=\"async\" width=\"1000\" height=\"1000\" src=\"https:\/\/www.kartonkutu.com.tr\/wp-content\/uploads\/2022\/09\/sallanti-etiket-beyaz-1.png\" class=\"wp-post-image wp-image-2454\" title=\"sallant\u0131 etiket beyaz 1\" alt=\"sallant\u0131 etiket beyaz 1\" srcset=\"https:\/\/www.kartonkutu.com.tr\/wp-content\/uploads\/2022\/09\/sallanti-etiket-beyaz-1.png 1000w, https:\/\/www.kartonkutu.com.tr\/wp-content\/uploads\/2022\/09\/sallanti-etiket-beyaz-1-300x300.png 300w, https:\/\/www.kartonkutu.com.tr\/wp-content\/uploads\/2022\/09\/sallanti-etiket-beyaz-1-150x150.png 150w, https:\/\/www.kartonkutu.com.tr\/wp-content\/uploads\/2022\/09\/sallanti-etiket-beyaz-1-768x768.png 768w, https:\/\/www.kartonkutu.com.tr\/wp-content\/uploads\/2022\/09\/sallanti-etiket-beyaz-1-600x600.png 600w, https:\/\/www.kartonkutu.com.tr\/wp-content\/uploads\/2022\/09\/sallanti-etiket-beyaz-1-100x100.png 100w\" sizes=\"auto, (max-width: 1000px) 100vw, 1000px\" \/>\t\t\t\t\t\t<\/a>\n\t<\/figure>\n<\/div>\n<!-- \/Product Image module -->\n<!-- Product Title module -->\n<div  class=\"module module-product-title tb_93y8683 \" data-lazy=\"1\">\n\t<h2 class=\"tbp_title\">\n\t<a  href=\"https:\/\/www.kartonkutu.com.tr\/en\/urun\/sallanti-etiket-beyaz\/\">\n\t\tSallant\u0131 Etiket Beyaz\t\t<\/a>\n<\/h2><\/div>\n<!-- \/Product Title module -->        <\/div>\n                        <\/div>\n        <\/div>\n            <\/div>\n\n\t\t\t\t\t\t\t<\/li>\n\n\t\t\t\t\t\t\t\t\t\t\t\t\t\t\t\t\t\t\t\t\t\t\t\t\t\t\t\t\t\t<li id=\"post-2826\" class=\"post tf_clearfix has-post-title has-post-date has-post-category has-post-tag has-post-comment has-post-author product type-product post-2826 status-publish instock product_cat-accessories-en product_cat-packaging-accessories has-post-thumbnail taxable shipping-taxable product-type-simple\">\n\n\t\t\t\t\t\t\t    <div class=\"tbp_advanced_archive_wrap\">\n\t                <div  data-lazy=\"1\" class=\"module_row themify_builder_row tb_98m3682 tf_w\">\n                        <div class=\"row_inner col_align_top tb_col_count_1 tf_box tf_rel\">\n                        <div  data-lazy=\"1\" class=\"module_column tb-column col-full tb_gft2682 first\">\n                    <!-- Product Image module -->\n<div  class=\"module module-product-image tb_9otz683   thumb-img-bottom\" data-lazy=\"1\">\n\t<figure class=\"product-image sale-badge-left\">\n\t\t\t\t\t\t\t<a  href=\"https:\/\/www.kartonkutu.com.tr\/en\/urun\/kirpik-zigzag-kagit-kraft\/\">\n\t\t\t\t<img loading=\"lazy\" decoding=\"async\" width=\"1000\" height=\"1000\" src=\"https:\/\/www.kartonkutu.com.tr\/wp-content\/uploads\/2022\/09\/kirpik-zigzag-kagit-kraft.png\" class=\"wp-post-image wp-image-2452\" title=\"k\u0131rp\u0131k zigzag ka\u011f\u0131t kraft\" alt=\"k\u0131rp\u0131k zigzag ka\u011f\u0131t kraft\" srcset=\"https:\/\/www.kartonkutu.com.tr\/wp-content\/uploads\/2022\/09\/kirpik-zigzag-kagit-kraft.png 1000w, https:\/\/www.kartonkutu.com.tr\/wp-content\/uploads\/2022\/09\/kirpik-zigzag-kagit-kraft-300x300.png 300w, https:\/\/www.kartonkutu.com.tr\/wp-content\/uploads\/2022\/09\/kirpik-zigzag-kagit-kraft-150x150.png 150w, https:\/\/www.kartonkutu.com.tr\/wp-content\/uploads\/2022\/09\/kirpik-zigzag-kagit-kraft-768x768.png 768w, https:\/\/www.kartonkutu.com.tr\/wp-content\/uploads\/2022\/09\/kirpik-zigzag-kagit-kraft-600x600.png 600w, https:\/\/www.kartonkutu.com.tr\/wp-content\/uploads\/2022\/09\/kirpik-zigzag-kagit-kraft-100x100.png 100w\" sizes=\"auto, (max-width: 1000px) 100vw, 1000px\" \/>\t\t\t\t\t\t<\/a>\n\t<\/figure>\n<\/div>\n<!-- \/Product Image module -->\n<!-- Product Title module -->\n<div  class=\"module module-product-title tb_93y8683 \" data-lazy=\"1\">\n\t<h2 class=\"tbp_title\">\n\t<a  href=\"https:\/\/www.kartonkutu.com.tr\/en\/urun\/kirpik-zigzag-kagit-kraft\/\">\n\t\tK\u0131rp\u0131k Zigzag Ka\u011f\u0131t Kraft\t\t<\/a>\n<\/h2><\/div>\n<!-- \/Product Title module -->        <\/div>\n                        <\/div>\n        <\/div>\n            <\/div>\n\n\t\t\t\t\t\t\t<\/li>\n\n\t\t\t\t\t\t\t\t\t\t\t\t\t\t\t\t\t\t\t\t\t\t\t\t\t\t\t\t\t\t<li id=\"post-2827\" class=\"post tf_clearfix has-post-title has-post-date has-post-category has-post-tag has-post-comment has-post-author product type-product post-2827 status-publish last instock product_cat-accessories-en product_cat-packaging-accessories has-post-thumbnail taxable shipping-taxable product-type-simple\">\n\n\t\t\t\t\t\t\t    <div class=\"tbp_advanced_archive_wrap\">\n\t                <div  data-lazy=\"1\" class=\"module_row themify_builder_row tb_98m3682 tf_w\">\n                        <div class=\"row_inner col_align_top tb_col_count_1 tf_box tf_rel\">\n                        <div  data-lazy=\"1\" class=\"module_column tb-column col-full tb_gft2682 first\">\n                    <!-- Product Image module -->\n<div  class=\"module module-product-image tb_9otz683   thumb-img-bottom\" data-lazy=\"1\">\n\t<figure class=\"product-image sale-badge-left\">\n\t\t\t\t\t\t\t<a  href=\"https:\/\/www.kartonkutu.com.tr\/en\/urun\/hasir-ip\/\">\n\t\t\t\t<img loading=\"lazy\" decoding=\"async\" width=\"1000\" height=\"1000\" src=\"https:\/\/www.kartonkutu.com.tr\/wp-content\/uploads\/2022\/09\/hasir-ip1.png\" class=\"wp-post-image wp-image-2450\" title=\"has\u0131r ip1\" alt=\"has\u0131r ip1\" srcset=\"https:\/\/www.kartonkutu.com.tr\/wp-content\/uploads\/2022\/09\/hasir-ip1.png 1000w, https:\/\/www.kartonkutu.com.tr\/wp-content\/uploads\/2022\/09\/hasir-ip1-300x300.png 300w, https:\/\/www.kartonkutu.com.tr\/wp-content\/uploads\/2022\/09\/hasir-ip1-150x150.png 150w, https:\/\/www.kartonkutu.com.tr\/wp-content\/uploads\/2022\/09\/hasir-ip1-768x768.png 768w, https:\/\/www.kartonkutu.com.tr\/wp-content\/uploads\/2022\/09\/hasir-ip1-600x600.png 600w, https:\/\/www.kartonkutu.com.tr\/wp-content\/uploads\/2022\/09\/hasir-ip1-100x100.png 100w\" sizes=\"auto, (max-width: 1000px) 100vw, 1000px\" \/>\t\t\t\t\t\t<\/a>\n\t<\/figure>\n<\/div>\n<!-- \/Product Image module -->\n<!-- Product Title module -->\n<div  class=\"module module-product-title tb_93y8683 \" data-lazy=\"1\">\n\t<h2 class=\"tbp_title\">\n\t<a  href=\"https:\/\/www.kartonkutu.com.tr\/en\/urun\/hasir-ip\/\">\n\t\tHas\u0131r \u0130p\t\t<\/a>\n<\/h2><\/div>\n<!-- \/Product Title module -->        <\/div>\n                        <\/div>\n        <\/div>\n            <\/div>\n\n\t\t\t\t\t\t\t<\/li>\n\n\t\t\t\t\t\t\t\t\t\t\t\n\t\t\t\t\n\t\t<\/ul>\n\t\t\t<!-- \/advanced-products module -->\n<\/div>\n        <\/div>\n                        <\/div>\n        <\/div>\n        <\/div>\n<!--\/themify_builder_content-->","protected":false},"excerpt":{"rendered":"","protected":false},"author":1,"featured_media":0,"parent":0,"menu_order":0,"comment_status":"closed","ping_status":"closed","template":"","meta":{"footnotes":""},"class_list":["post-2756","page","type-page","status-publish","hentry","has-post-title","has-post-date","has-post-category","has-post-tag","has-post-comment","has-post-author",""],"_links":{"self":[{"href":"https:\/\/www.kartonkutu.com.tr\/en\/wp-json\/wp\/v2\/pages\/2756","targetHints":{"allow":["GET"]}}],"collection":[{"href":"https:\/\/www.kartonkutu.com.tr\/en\/wp-json\/wp\/v2\/pages"}],"about":[{"href":"https:\/\/www.kartonkutu.com.tr\/en\/wp-json\/wp\/v2\/types\/page"}],"author":[{"embeddable":true,"href":"https:\/\/www.kartonkutu.com.tr\/en\/wp-json\/wp\/v2\/users\/1"}],"replies":[{"embeddable":true,"href":"https:\/\/www.kartonkutu.com.tr\/en\/wp-json\/wp\/v2\/comments?post=2756"}],"version-history":[{"count":1,"href":"https:\/\/www.kartonkutu.com.tr\/en\/wp-json\/wp\/v2\/pages\/2756\/revisions"}],"predecessor-version":[{"id":2767,"href":"https:\/\/www.kartonkutu.com.tr\/en\/wp-json\/wp\/v2\/pages\/2756\/revisions\/2767"}],"wp:attachment":[{"href":"https:\/\/www.kartonkutu.com.tr\/en\/wp-json\/wp\/v2\/media?parent=2756"}],"curies":[{"name":"wp","href":"https:\/\/api.w.org\/{rel}","templated":true}]}}