{"id":2755,"date":"2022-08-04T12:33:45","date_gmt":"2022-08-04T09:33:45","guid":{"rendered":"https:\/\/www.kartonkutu.com.tr\/?page_id=2755"},"modified":"2022-11-01T14:49:51","modified_gmt":"2022-11-01T11:49:51","slug":"metal-accessories","status":"publish","type":"page","link":"https:\/\/www.kartonkutu.com.tr\/en\/metal-accessories\/","title":{"rendered":"METAL ACCESSORIES"},"content":{"rendered":"<!--themify_builder_content-->\n<div id=\"themify_builder_content-2755\" data-postid=\"2755\" class=\"themify_builder_content themify_builder_content-2755 themify_builder tf_clear\">\n                    <div  data-lazy=\"1\" class=\"module_row themify_builder_row tb_pmx0172 tb_first tf_w\">\n                        <div class=\"row_inner col_align_top tb_col_count_1 tf_box tf_rel\">\n                        <div  data-lazy=\"1\" class=\"module_column tb-column col-full tb_8k19173 first\">\n                    <!-- module image -->\n<div  class=\"module module-image tb_b31o683 image-top   tf_mw\" data-lazy=\"1\">\n        <div class=\"image-wrap tf_rel tf_mw\">\n            <img loading=\"lazy\" decoding=\"async\" width=\"2000\" height=\"300\" src=\"https:\/\/www.kartonkutu.com.tr\/wp-content\/uploads\/2022\/11\/21.png\" class=\"wp-post-image wp-image-2676\" title=\"21\" alt=\"21\" srcset=\"https:\/\/www.kartonkutu.com.tr\/wp-content\/uploads\/2022\/11\/21.png 2000w, https:\/\/www.kartonkutu.com.tr\/wp-content\/uploads\/2022\/11\/21-300x45.png 300w, https:\/\/www.kartonkutu.com.tr\/wp-content\/uploads\/2022\/11\/21-1024x154.png 1024w, https:\/\/www.kartonkutu.com.tr\/wp-content\/uploads\/2022\/11\/21-768x115.png 768w, https:\/\/www.kartonkutu.com.tr\/wp-content\/uploads\/2022\/11\/21-1536x230.png 1536w, https:\/\/www.kartonkutu.com.tr\/wp-content\/uploads\/2022\/11\/21-600x90.png 600w\" sizes=\"auto, (max-width: 2000px) 100vw, 2000px\" \/>    \n        <\/div>\n    <!-- \/image-wrap -->\n    \n        <\/div>\n<!-- \/module image -->        <\/div>\n                        <\/div>\n        <\/div>\n                        <div  data-lazy=\"1\" class=\"module_row themify_builder_row tb_ek81469 tf_w\">\n                        <div class=\"row_inner col_align_top tb_col_count_1 tf_box tf_rel\">\n                        <div  data-lazy=\"1\" class=\"module_column tb-column col-full tb_93we470 first\">\n                    <!-- advanced-products module -->\n<div  class=\"module woocommerce module-advanced-products tb_yauh532  themify_builder_content-yauh532\" data-lazy=\"1\">\n\t\t\t<div class=\"tbp_no_posts\">\u00dcr\u00fcn bulunamad\u0131<\/div>\n\t\t<!-- \/advanced-products module -->\n<\/div>\n        <\/div>\n                        <\/div>\n        <\/div>\n        <\/div>\n<!--\/themify_builder_content-->","protected":false},"excerpt":{"rendered":"","protected":false},"author":1,"featured_media":0,"parent":0,"menu_order":0,"comment_status":"closed","ping_status":"closed","template":"","meta":{"footnotes":""},"class_list":["post-2755","page","type-page","status-publish","hentry","has-post-title","has-post-date","has-post-category","has-post-tag","has-post-comment","has-post-author",""],"_links":{"self":[{"href":"https:\/\/www.kartonkutu.com.tr\/en\/wp-json\/wp\/v2\/pages\/2755","targetHints":{"allow":["GET"]}}],"collection":[{"href":"https:\/\/www.kartonkutu.com.tr\/en\/wp-json\/wp\/v2\/pages"}],"about":[{"href":"https:\/\/www.kartonkutu.com.tr\/en\/wp-json\/wp\/v2\/types\/page"}],"author":[{"embeddable":true,"href":"https:\/\/www.kartonkutu.com.tr\/en\/wp-json\/wp\/v2\/users\/1"}],"replies":[{"embeddable":true,"href":"https:\/\/www.kartonkutu.com.tr\/en\/wp-json\/wp\/v2\/comments?post=2755"}],"version-history":[{"count":2,"href":"https:\/\/www.kartonkutu.com.tr\/en\/wp-json\/wp\/v2\/pages\/2755\/revisions"}],"predecessor-version":[{"id":2766,"href":"https:\/\/www.kartonkutu.com.tr\/en\/wp-json\/wp\/v2\/pages\/2755\/revisions\/2766"}],"wp:attachment":[{"href":"https:\/\/www.kartonkutu.com.tr\/en\/wp-json\/wp\/v2\/media?parent=2755"}],"curies":[{"name":"wp","href":"https:\/\/api.w.org\/{rel}","templated":true}]}}