{"id":2753,"date":"2022-08-04T12:30:55","date_gmt":"2022-08-04T09:30:55","guid":{"rendered":"https:\/\/www.kartonkutu.com.tr\/?page_id=2753"},"modified":"2022-11-01T14:48:53","modified_gmt":"2022-11-01T11:48:53","slug":"baby-favour-cards","status":"publish","type":"page","link":"https:\/\/www.kartonkutu.com.tr\/en\/baby-favour-cards\/","title":{"rendered":"BABY FAVOUR CARDS"},"content":{"rendered":"<!--themify_builder_content-->\n<div id=\"themify_builder_content-2753\" data-postid=\"2753\" class=\"themify_builder_content themify_builder_content-2753 themify_builder tf_clear\">\n                    <div  data-lazy=\"1\" class=\"module_row themify_builder_row tb_pmx0172 tb_first tf_w\">\n                        <div class=\"row_inner col_align_top tb_col_count_1 tf_box tf_rel\">\n                        <div  data-lazy=\"1\" class=\"module_column tb-column col-full tb_8k19173 first\">\n                    <!-- module image -->\n<div  class=\"module module-image tb_b31o683 image-top   tf_mw\" data-lazy=\"1\">\n        <div class=\"image-wrap tf_rel tf_mw\">\n            <img loading=\"lazy\" decoding=\"async\" width=\"2000\" height=\"300\" src=\"https:\/\/www.kartonkutu.com.tr\/wp-content\/uploads\/2022\/11\/19.png\" class=\"wp-post-image wp-image-2672\" title=\"19\" alt=\"19\" srcset=\"https:\/\/www.kartonkutu.com.tr\/wp-content\/uploads\/2022\/11\/19.png 2000w, https:\/\/www.kartonkutu.com.tr\/wp-content\/uploads\/2022\/11\/19-300x45.png 300w, https:\/\/www.kartonkutu.com.tr\/wp-content\/uploads\/2022\/11\/19-1024x154.png 1024w, https:\/\/www.kartonkutu.com.tr\/wp-content\/uploads\/2022\/11\/19-768x115.png 768w, https:\/\/www.kartonkutu.com.tr\/wp-content\/uploads\/2022\/11\/19-1536x230.png 1536w, https:\/\/www.kartonkutu.com.tr\/wp-content\/uploads\/2022\/11\/19-600x90.png 600w\" sizes=\"auto, (max-width: 2000px) 100vw, 2000px\" \/>    \n        <\/div>\n    <!-- \/image-wrap -->\n    \n        <\/div>\n<!-- \/module image -->        <\/div>\n                        <\/div>\n        <\/div>\n                        <div  data-lazy=\"1\" class=\"module_row themify_builder_row tb_ek81469 tf_w\">\n                        <div class=\"row_inner col_align_top tb_col_count_1 tf_box tf_rel\">\n                        <div  data-lazy=\"1\" class=\"module_column tb-column col-full tb_93we470 first\">\n                    <!-- advanced-products module -->\n<div  class=\"module woocommerce module-advanced-products tb_yauh532  themify_builder_content-yauh532\" data-lazy=\"1\">\n\t\t\t<div class=\"tbp_no_posts\">\u00dcr\u00fcn bulunamad\u0131<\/div>\n\t\t<!-- \/advanced-products module -->\n<\/div>\n        <\/div>\n                        <\/div>\n        <\/div>\n        <\/div>\n<!--\/themify_builder_content-->\n","protected":false},"excerpt":{"rendered":"","protected":false},"author":1,"featured_media":0,"parent":0,"menu_order":0,"comment_status":"closed","ping_status":"closed","template":"","meta":{"footnotes":""},"class_list":["post-2753","page","type-page","status-publish","hentry","has-post-title","has-post-date","has-post-category","has-post-tag","has-post-comment","has-post-author",""],"_links":{"self":[{"href":"https:\/\/www.kartonkutu.com.tr\/en\/wp-json\/wp\/v2\/pages\/2753","targetHints":{"allow":["GET"]}}],"collection":[{"href":"https:\/\/www.kartonkutu.com.tr\/en\/wp-json\/wp\/v2\/pages"}],"about":[{"href":"https:\/\/www.kartonkutu.com.tr\/en\/wp-json\/wp\/v2\/types\/page"}],"author":[{"embeddable":true,"href":"https:\/\/www.kartonkutu.com.tr\/en\/wp-json\/wp\/v2\/users\/1"}],"replies":[{"embeddable":true,"href":"https:\/\/www.kartonkutu.com.tr\/en\/wp-json\/wp\/v2\/comments?post=2753"}],"version-history":[{"count":2,"href":"https:\/\/www.kartonkutu.com.tr\/en\/wp-json\/wp\/v2\/pages\/2753\/revisions"}],"predecessor-version":[{"id":2762,"href":"https:\/\/www.kartonkutu.com.tr\/en\/wp-json\/wp\/v2\/pages\/2753\/revisions\/2762"}],"wp:attachment":[{"href":"https:\/\/www.kartonkutu.com.tr\/en\/wp-json\/wp\/v2\/media?parent=2753"}],"curies":[{"name":"wp","href":"https:\/\/api.w.org\/{rel}","templated":true}]}}