{"id":2629,"date":"2022-07-26T18:36:31","date_gmt":"2022-07-26T15:36:31","guid":{"rendered":"https:\/\/www.kartonkutu.com.tr\/?page_id=2629"},"modified":"2022-11-01T14:08:24","modified_gmt":"2022-11-01T11:08:24","slug":"beauty-and-cosmetics-packagingguzellik-ve-kozmetik-ambalajlari","status":"publish","type":"page","link":"https:\/\/www.kartonkutu.com.tr\/en\/beauty-and-cosmetics-packagingguzellik-ve-kozmetik-ambalajlari\/","title":{"rendered":"Beauty and Cosmetics Packaging"},"content":{"rendered":"<!--themify_builder_content-->\n<div id=\"themify_builder_content-2629\" data-postid=\"2629\" class=\"themify_builder_content themify_builder_content-2629 themify_builder tf_clear\">\n                    <div  data-lazy=\"1\" class=\"module_row themify_builder_row tb_pmx0172 tb_first tf_w\">\n                        <div class=\"row_inner col_align_top tb_col_count_1 tf_box tf_rel\">\n                        <div  data-lazy=\"1\" class=\"module_column tb-column col-full tb_8k19173 first\">\n                    <!-- module image -->\n<div  class=\"module module-image tb_b31o683 image-top   tf_mw\" data-lazy=\"1\">\n        <div class=\"image-wrap tf_rel tf_mw\">\n            <img loading=\"lazy\" decoding=\"async\" width=\"2000\" height=\"300\" src=\"https:\/\/www.kartonkutu.com.tr\/wp-content\/uploads\/2022\/11\/8.png\" class=\"wp-post-image wp-image-2650\" title=\"8\" alt=\"8\" srcset=\"https:\/\/www.kartonkutu.com.tr\/wp-content\/uploads\/2022\/11\/8.png 2000w, https:\/\/www.kartonkutu.com.tr\/wp-content\/uploads\/2022\/11\/8-300x45.png 300w, https:\/\/www.kartonkutu.com.tr\/wp-content\/uploads\/2022\/11\/8-1024x154.png 1024w, https:\/\/www.kartonkutu.com.tr\/wp-content\/uploads\/2022\/11\/8-768x115.png 768w, https:\/\/www.kartonkutu.com.tr\/wp-content\/uploads\/2022\/11\/8-1536x230.png 1536w, https:\/\/www.kartonkutu.com.tr\/wp-content\/uploads\/2022\/11\/8-600x90.png 600w\" sizes=\"auto, (max-width: 2000px) 100vw, 2000px\" \/>    \n        <\/div>\n    <!-- \/image-wrap -->\n    \n        <\/div>\n<!-- \/module image -->        <\/div>\n                        <\/div>\n        <\/div>\n                        <div  data-lazy=\"1\" class=\"module_row themify_builder_row tb_ek81469 tf_w\">\n                        <div class=\"row_inner col_align_top tb_col_count_1 tf_box tf_rel\">\n                        <div  data-lazy=\"1\" class=\"module_column tb-column col-full tb_93we470 first\">\n                    <!-- advanced-products module -->\n<div  class=\"module woocommerce module-advanced-products tb_yauh532  themify_builder_content-yauh532\" data-lazy=\"1\">\n\t<form class=\"woocommerce-ordering\" method=\"get\">\n\t\t<select\n\t\tname=\"orderby\"\n\t\tclass=\"orderby\"\n\t\t\t\t\taria-label=\"Shop order\"\n\t\t\t>\n\t\t\t\t\t<option value=\"menu_order\"  selected='selected'>Default sorting<\/option>\n\t\t\t\t\t<option value=\"popularity\" >Sort by popularity<\/option>\n\t\t\t\t\t<option value=\"date\" >Sort by latest<\/option>\n\t\t\t\t\t<option value=\"price\" >Sort by price: low to high<\/option>\n\t\t\t\t\t<option value=\"price-desc\" >Sort by price: high to low<\/option>\n\t\t\t<\/select>\n\t<input type=\"hidden\" name=\"paged\" value=\"1\" \/>\n\t<\/form>\n\t\t<ul class=\"builder-posts-wrap loops-wrapper tbp_posts_wrap products grid4 tf_clear tf_clearfix\" data-lazy=\"1\">\n\t\t\n\t\t\n\t\t\t\t\t\t\t\t\t\t\t\t\t\t\t\t\t\t\t\t\t\t\t<li id=\"post-2828\" class=\"post tf_clearfix has-post-title has-post-date has-post-category has-post-tag has-post-comment has-post-author product type-product post-2828 status-publish first instock product_cat-guzellik-ve-kozmetik-ambalajlari-en has-post-thumbnail taxable shipping-taxable product-type-simple\">\n\n\t\t\t\t\t\t\t    <div class=\"tbp_advanced_archive_wrap\">\n\t                <div  data-lazy=\"1\" class=\"module_row themify_builder_row tb_98m3682 tf_w\">\n                        <div class=\"row_inner col_align_top tb_col_count_1 tf_box tf_rel\">\n                        <div  data-lazy=\"1\" class=\"module_column tb-column col-full tb_gft2682 first\">\n                    <!-- Product Image module -->\n<div  class=\"module module-product-image tb_9otz683   thumb-img-bottom\" data-lazy=\"1\">\n\t<figure class=\"product-image sale-badge-left\">\n\t\t\t\t\t\t\t<a  href=\"https:\/\/www.kartonkutu.com.tr\/en\/urun\/alfheim_k2_1006\/\">\n\t\t\t\t<img loading=\"lazy\" decoding=\"async\" width=\"2000\" height=\"2000\" src=\"https:\/\/www.kartonkutu.com.tr\/wp-content\/uploads\/2022\/07\/alfheim-kucuk-kutu.jpg\" class=\"wp-post-image wp-image-1408\" title=\"alfheim-k\u00fc\u00e7\u00fck-kutu\" alt=\"alfheim-k\u00fc\u00e7\u00fck-kutu\" srcset=\"https:\/\/www.kartonkutu.com.tr\/wp-content\/uploads\/2022\/07\/alfheim-kucuk-kutu.jpg 2000w, https:\/\/www.kartonkutu.com.tr\/wp-content\/uploads\/2022\/07\/alfheim-kucuk-kutu-300x300.jpg 300w, https:\/\/www.kartonkutu.com.tr\/wp-content\/uploads\/2022\/07\/alfheim-kucuk-kutu-1024x1024.jpg 1024w, https:\/\/www.kartonkutu.com.tr\/wp-content\/uploads\/2022\/07\/alfheim-kucuk-kutu-150x150.jpg 150w, https:\/\/www.kartonkutu.com.tr\/wp-content\/uploads\/2022\/07\/alfheim-kucuk-kutu-768x768.jpg 768w, https:\/\/www.kartonkutu.com.tr\/wp-content\/uploads\/2022\/07\/alfheim-kucuk-kutu-1536x1536.jpg 1536w, https:\/\/www.kartonkutu.com.tr\/wp-content\/uploads\/2022\/07\/alfheim-kucuk-kutu-600x600.jpg 600w, https:\/\/www.kartonkutu.com.tr\/wp-content\/uploads\/2022\/07\/alfheim-kucuk-kutu-100x100.jpg 100w, https:\/\/www.kartonkutu.com.tr\/wp-content\/uploads\/2022\/07\/alfheim-kucuk-kutu-1024x1024-47x48.jpg 47w\" sizes=\"auto, (max-width: 2000px) 100vw, 2000px\" \/>\t\t\t\t\t\t<\/a>\n\t<\/figure>\n<\/div>\n<!-- \/Product Image module -->\n<!-- Product Title module -->\n<div  class=\"module module-product-title tb_93y8683 \" data-lazy=\"1\">\n\t<h2 class=\"tbp_title\">\n\t<a  href=\"https:\/\/www.kartonkutu.com.tr\/en\/urun\/alfheim_k2_1006\/\">\n\t\tAlfheim_K2_1006\t\t<\/a>\n<\/h2><\/div>\n<!-- \/Product Title module -->        <\/div>\n                        <\/div>\n        <\/div>\n            <\/div>\n\n\t\t\t\t\t\t\t<\/li>\n\n\t\t\t\t\t\t\t\t\t\t\t\t\t\t\t\t\t\t\t\t\t\t\t\t\t\t\t\t\t\t<li id=\"post-2838\" class=\"post tf_clearfix has-post-title has-post-date has-post-category has-post-tag has-post-comment has-post-author product type-product post-2838 status-publish instock product_cat-guzellik-ve-kozmetik-ambalajlari-en has-post-thumbnail taxable shipping-taxable product-type-simple\">\n\n\t\t\t\t\t\t\t    <div class=\"tbp_advanced_archive_wrap\">\n\t                <div  data-lazy=\"1\" class=\"module_row themify_builder_row tb_98m3682 tf_w\">\n                        <div class=\"row_inner col_align_top tb_col_count_1 tf_box tf_rel\">\n                        <div  data-lazy=\"1\" class=\"module_column tb-column col-full tb_gft2682 first\">\n                    <!-- Product Image module -->\n<div  class=\"module module-product-image tb_9otz683   thumb-img-bottom\" data-lazy=\"1\">\n\t<figure class=\"product-image sale-badge-left\">\n\t\t\t\t\t\t\t<a  href=\"https:\/\/www.kartonkutu.com.tr\/en\/urun\/turkan\/\">\n\t\t\t\t<img loading=\"lazy\" decoding=\"async\" width=\"2000\" height=\"2000\" src=\"https:\/\/www.kartonkutu.com.tr\/wp-content\/uploads\/2022\/09\/turkan1.jpg\" class=\"wp-post-image wp-image-2383\" title=\"t\u00fcrkan1\" alt=\"t\u00fcrkan1\" srcset=\"https:\/\/www.kartonkutu.com.tr\/wp-content\/uploads\/2022\/09\/turkan1.jpg 2000w, https:\/\/www.kartonkutu.com.tr\/wp-content\/uploads\/2022\/09\/turkan1-300x300.jpg 300w, https:\/\/www.kartonkutu.com.tr\/wp-content\/uploads\/2022\/09\/turkan1-1024x1024.jpg 1024w, https:\/\/www.kartonkutu.com.tr\/wp-content\/uploads\/2022\/09\/turkan1-150x150.jpg 150w, https:\/\/www.kartonkutu.com.tr\/wp-content\/uploads\/2022\/09\/turkan1-768x768.jpg 768w, https:\/\/www.kartonkutu.com.tr\/wp-content\/uploads\/2022\/09\/turkan1-1536x1536.jpg 1536w, https:\/\/www.kartonkutu.com.tr\/wp-content\/uploads\/2022\/09\/turkan1-600x600.jpg 600w, https:\/\/www.kartonkutu.com.tr\/wp-content\/uploads\/2022\/09\/turkan1-100x100.jpg 100w, https:\/\/www.kartonkutu.com.tr\/wp-content\/uploads\/2022\/09\/turkan1-1024x1024-47x48.jpg 47w\" sizes=\"auto, (max-width: 2000px) 100vw, 2000px\" \/>\t\t\t\t\t\t<\/a>\n\t<\/figure>\n<\/div>\n<!-- \/Product Image module -->\n<!-- Product Title module -->\n<div  class=\"module module-product-title tb_93y8683 \" data-lazy=\"1\">\n\t<h2 class=\"tbp_title\">\n\t<a  href=\"https:\/\/www.kartonkutu.com.tr\/en\/urun\/turkan\/\">\n\t\tT\u00fcrkan\t\t<\/a>\n<\/h2><\/div>\n<!-- \/Product Title module -->        <\/div>\n                        <\/div>\n        <\/div>\n            <\/div>\n\n\t\t\t\t\t\t\t<\/li>\n\n\t\t\t\t\t\t\t\t\t\t\t\t\t\t\t\t\t\t\t\t\t\t\t\t\t\t\t\t\t\t<li id=\"post-2839\" class=\"post tf_clearfix has-post-title has-post-date has-post-category has-post-tag has-post-comment has-post-author product type-product post-2839 status-publish instock product_cat-guzellik-ve-kozmetik-ambalajlari-en has-post-thumbnail taxable shipping-taxable product-type-simple\">\n\n\t\t\t\t\t\t\t    <div class=\"tbp_advanced_archive_wrap\">\n\t                <div  data-lazy=\"1\" class=\"module_row themify_builder_row tb_98m3682 tf_w\">\n                        <div class=\"row_inner col_align_top tb_col_count_1 tf_box tf_rel\">\n                        <div  data-lazy=\"1\" class=\"module_column tb-column col-full tb_gft2682 first\">\n                    <!-- Product Image module -->\n<div  class=\"module module-product-image tb_9otz683   thumb-img-bottom\" data-lazy=\"1\">\n\t<figure class=\"product-image sale-badge-left\">\n\t\t\t\t\t\t\t<a  href=\"https:\/\/www.kartonkutu.com.tr\/en\/urun\/hekimpasa\/\">\n\t\t\t\t<img loading=\"lazy\" decoding=\"async\" width=\"2000\" height=\"2000\" src=\"https:\/\/www.kartonkutu.com.tr\/wp-content\/uploads\/2022\/09\/hekimpasa.jpg\" class=\"wp-post-image wp-image-2378\" title=\"hekimpa\u015fa\" alt=\"hekimpa\u015fa\" srcset=\"https:\/\/www.kartonkutu.com.tr\/wp-content\/uploads\/2022\/09\/hekimpasa.jpg 2000w, https:\/\/www.kartonkutu.com.tr\/wp-content\/uploads\/2022\/09\/hekimpasa-300x300.jpg 300w, https:\/\/www.kartonkutu.com.tr\/wp-content\/uploads\/2022\/09\/hekimpasa-1024x1024.jpg 1024w, https:\/\/www.kartonkutu.com.tr\/wp-content\/uploads\/2022\/09\/hekimpasa-150x150.jpg 150w, https:\/\/www.kartonkutu.com.tr\/wp-content\/uploads\/2022\/09\/hekimpasa-768x768.jpg 768w, https:\/\/www.kartonkutu.com.tr\/wp-content\/uploads\/2022\/09\/hekimpasa-1536x1536.jpg 1536w, https:\/\/www.kartonkutu.com.tr\/wp-content\/uploads\/2022\/09\/hekimpasa-600x600.jpg 600w, https:\/\/www.kartonkutu.com.tr\/wp-content\/uploads\/2022\/09\/hekimpasa-100x100.jpg 100w, https:\/\/www.kartonkutu.com.tr\/wp-content\/uploads\/2022\/09\/hekimpasa-1024x1024-47x48.jpg 47w\" sizes=\"auto, (max-width: 2000px) 100vw, 2000px\" \/>\t\t\t\t\t\t<\/a>\n\t<\/figure>\n<\/div>\n<!-- \/Product Image module -->\n<!-- Product Title module -->\n<div  class=\"module module-product-title tb_93y8683 \" data-lazy=\"1\">\n\t<h2 class=\"tbp_title\">\n\t<a  href=\"https:\/\/www.kartonkutu.com.tr\/en\/urun\/hekimpasa\/\">\n\t\tHekimpa\u015fa\t\t<\/a>\n<\/h2><\/div>\n<!-- \/Product Title module -->        <\/div>\n                        <\/div>\n        <\/div>\n            <\/div>\n\n\t\t\t\t\t\t\t<\/li>\n\n\t\t\t\t\t\t\t\t\t\t\t\t\t\t\t\t\t\t\t\t\t\t\t\t\t\t\t\t\t\t<li id=\"post-2840\" class=\"post tf_clearfix has-post-title has-post-date has-post-category has-post-tag has-post-comment has-post-author product type-product post-2840 status-publish last instock product_cat-guzellik-ve-kozmetik-ambalajlari-en has-post-thumbnail taxable shipping-taxable product-type-simple\">\n\n\t\t\t\t\t\t\t    <div class=\"tbp_advanced_archive_wrap\">\n\t                <div  data-lazy=\"1\" class=\"module_row themify_builder_row tb_98m3682 tf_w\">\n                        <div class=\"row_inner col_align_top tb_col_count_1 tf_box tf_rel\">\n                        <div  data-lazy=\"1\" class=\"module_column tb-column col-full tb_gft2682 first\">\n                    <!-- Product Image module -->\n<div  class=\"module module-product-image tb_9otz683   thumb-img-bottom\" data-lazy=\"1\">\n\t<figure class=\"product-image sale-badge-left\">\n\t\t\t\t\t\t\t<a  href=\"https:\/\/www.kartonkutu.com.tr\/en\/urun\/agf\/\">\n\t\t\t\t<img loading=\"lazy\" decoding=\"async\" width=\"1080\" height=\"1080\" src=\"https:\/\/www.kartonkutu.com.tr\/wp-content\/uploads\/2022\/09\/agf.jpg\" class=\"wp-post-image wp-image-2373\" title=\"agf\" alt=\"agf\" srcset=\"https:\/\/www.kartonkutu.com.tr\/wp-content\/uploads\/2022\/09\/agf.jpg 1080w, https:\/\/www.kartonkutu.com.tr\/wp-content\/uploads\/2022\/09\/agf-300x300.jpg 300w, https:\/\/www.kartonkutu.com.tr\/wp-content\/uploads\/2022\/09\/agf-1024x1024.jpg 1024w, https:\/\/www.kartonkutu.com.tr\/wp-content\/uploads\/2022\/09\/agf-150x150.jpg 150w, https:\/\/www.kartonkutu.com.tr\/wp-content\/uploads\/2022\/09\/agf-768x768.jpg 768w, https:\/\/www.kartonkutu.com.tr\/wp-content\/uploads\/2022\/09\/agf-600x600.jpg 600w, https:\/\/www.kartonkutu.com.tr\/wp-content\/uploads\/2022\/09\/agf-100x100.jpg 100w, https:\/\/www.kartonkutu.com.tr\/wp-content\/uploads\/2022\/09\/agf-1024x1024-47x48.jpg 47w\" sizes=\"auto, (max-width: 1080px) 100vw, 1080px\" \/>\t\t\t\t\t\t<\/a>\n\t<\/figure>\n<\/div>\n<!-- \/Product Image module -->\n<!-- Product Title module -->\n<div  class=\"module module-product-title tb_93y8683 \" data-lazy=\"1\">\n\t<h2 class=\"tbp_title\">\n\t<a  href=\"https:\/\/www.kartonkutu.com.tr\/en\/urun\/agf\/\">\n\t\tAGF 39\t\t<\/a>\n<\/h2><\/div>\n<!-- \/Product Title module -->        <\/div>\n                        <\/div>\n        <\/div>\n            <\/div>\n\n\t\t\t\t\t\t\t<\/li>\n\n\t\t\t\t\t\t\t\t\t\t\t\t\t\t\t\t\t\t\t\t\t\t\t\t\t\t\t\t\t\t<li id=\"post-2848\" class=\"post tf_clearfix has-post-title has-post-date has-post-category has-post-tag has-post-comment has-post-author product type-product post-2848 status-publish first instock product_cat-guzellik-ve-kozmetik-ambalajlari-en has-post-thumbnail taxable shipping-taxable product-type-simple\">\n\n\t\t\t\t\t\t\t    <div class=\"tbp_advanced_archive_wrap\">\n\t                <div  data-lazy=\"1\" class=\"module_row themify_builder_row tb_98m3682 tf_w\">\n                        <div class=\"row_inner col_align_top tb_col_count_1 tf_box tf_rel\">\n                        <div  data-lazy=\"1\" class=\"module_column tb-column col-full tb_gft2682 first\">\n                    <!-- Product Image module -->\n<div  class=\"module module-product-image tb_9otz683   thumb-img-bottom\" data-lazy=\"1\">\n\t<figure class=\"product-image sale-badge-left\">\n\t\t\t\t\t\t\t<a  href=\"https:\/\/www.kartonkutu.com.tr\/en\/urun\/sevil\/\">\n\t\t\t\t<img loading=\"lazy\" decoding=\"async\" width=\"2000\" height=\"2000\" src=\"https:\/\/www.kartonkutu.com.tr\/wp-content\/uploads\/2022\/07\/sevil-offset.jpg\" class=\"wp-post-image wp-image-1422\" title=\"sevil-offset\" alt=\"sevil-offset\" srcset=\"https:\/\/www.kartonkutu.com.tr\/wp-content\/uploads\/2022\/07\/sevil-offset.jpg 2000w, https:\/\/www.kartonkutu.com.tr\/wp-content\/uploads\/2022\/07\/sevil-offset-300x300.jpg 300w, https:\/\/www.kartonkutu.com.tr\/wp-content\/uploads\/2022\/07\/sevil-offset-1024x1024.jpg 1024w, https:\/\/www.kartonkutu.com.tr\/wp-content\/uploads\/2022\/07\/sevil-offset-150x150.jpg 150w, https:\/\/www.kartonkutu.com.tr\/wp-content\/uploads\/2022\/07\/sevil-offset-768x768.jpg 768w, https:\/\/www.kartonkutu.com.tr\/wp-content\/uploads\/2022\/07\/sevil-offset-1536x1536.jpg 1536w, https:\/\/www.kartonkutu.com.tr\/wp-content\/uploads\/2022\/07\/sevil-offset-600x600.jpg 600w, https:\/\/www.kartonkutu.com.tr\/wp-content\/uploads\/2022\/07\/sevil-offset-100x100.jpg 100w, https:\/\/www.kartonkutu.com.tr\/wp-content\/uploads\/2022\/07\/sevil-offset-1024x1024-47x48.jpg 47w\" sizes=\"auto, (max-width: 2000px) 100vw, 2000px\" \/>\t\t\t\t\t\t<\/a>\n\t<\/figure>\n<\/div>\n<!-- \/Product Image module -->\n<!-- Product Title module -->\n<div  class=\"module module-product-title tb_93y8683 \" data-lazy=\"1\">\n\t<h2 class=\"tbp_title\">\n\t<a  href=\"https:\/\/www.kartonkutu.com.tr\/en\/urun\/sevil\/\">\n\t\tSevil\t\t<\/a>\n<\/h2><\/div>\n<!-- \/Product Title module -->        <\/div>\n                        <\/div>\n        <\/div>\n            <\/div>\n\n\t\t\t\t\t\t\t<\/li>\n\n\t\t\t\t\t\t\t\t\t\t\t\t\t\t\t\t\t\t\t\t\t\t\t\t\t\t\t\t\t\t<li id=\"post-2849\" class=\"post tf_clearfix has-post-title has-post-date has-post-category has-post-tag has-post-comment has-post-author product type-product post-2849 status-publish instock product_cat-guzellik-ve-kozmetik-ambalajlari-en has-post-thumbnail taxable shipping-taxable product-type-simple\">\n\n\t\t\t\t\t\t\t    <div class=\"tbp_advanced_archive_wrap\">\n\t                <div  data-lazy=\"1\" class=\"module_row themify_builder_row tb_98m3682 tf_w\">\n                        <div class=\"row_inner col_align_top tb_col_count_1 tf_box tf_rel\">\n                        <div  data-lazy=\"1\" class=\"module_column tb-column col-full tb_gft2682 first\">\n                    <!-- Product Image module -->\n<div  class=\"module module-product-image tb_9otz683   thumb-img-bottom\" data-lazy=\"1\">\n\t<figure class=\"product-image sale-badge-left\">\n\t\t\t\t\t\t\t<a  href=\"https:\/\/www.kartonkutu.com.tr\/en\/urun\/eyup-sultan\/\">\n\t\t\t\t<img loading=\"lazy\" decoding=\"async\" width=\"2000\" height=\"2000\" src=\"https:\/\/www.kartonkutu.com.tr\/wp-content\/uploads\/2022\/07\/eyup-sultan-kolonya-kutusu.jpg\" class=\"wp-post-image wp-image-1415\" title=\"ey\u00fcp-sultan-kolonya-kutusu\" alt=\"ey\u00fcp-sultan-kolonya-kutusu\" srcset=\"https:\/\/www.kartonkutu.com.tr\/wp-content\/uploads\/2022\/07\/eyup-sultan-kolonya-kutusu.jpg 2000w, https:\/\/www.kartonkutu.com.tr\/wp-content\/uploads\/2022\/07\/eyup-sultan-kolonya-kutusu-300x300.jpg 300w, https:\/\/www.kartonkutu.com.tr\/wp-content\/uploads\/2022\/07\/eyup-sultan-kolonya-kutusu-1024x1024.jpg 1024w, https:\/\/www.kartonkutu.com.tr\/wp-content\/uploads\/2022\/07\/eyup-sultan-kolonya-kutusu-150x150.jpg 150w, https:\/\/www.kartonkutu.com.tr\/wp-content\/uploads\/2022\/07\/eyup-sultan-kolonya-kutusu-768x768.jpg 768w, https:\/\/www.kartonkutu.com.tr\/wp-content\/uploads\/2022\/07\/eyup-sultan-kolonya-kutusu-1536x1536.jpg 1536w, https:\/\/www.kartonkutu.com.tr\/wp-content\/uploads\/2022\/07\/eyup-sultan-kolonya-kutusu-600x600.jpg 600w, https:\/\/www.kartonkutu.com.tr\/wp-content\/uploads\/2022\/07\/eyup-sultan-kolonya-kutusu-100x100.jpg 100w, https:\/\/www.kartonkutu.com.tr\/wp-content\/uploads\/2022\/07\/eyup-sultan-kolonya-kutusu-1024x1024-47x48.jpg 47w\" sizes=\"auto, (max-width: 2000px) 100vw, 2000px\" \/>\t\t\t\t\t\t<\/a>\n\t<\/figure>\n<\/div>\n<!-- \/Product Image module -->\n<!-- Product Title module -->\n<div  class=\"module module-product-title tb_93y8683 \" data-lazy=\"1\">\n\t<h2 class=\"tbp_title\">\n\t<a  href=\"https:\/\/www.kartonkutu.com.tr\/en\/urun\/eyup-sultan\/\">\n\t\tEy\u00fcp Sultan\t\t<\/a>\n<\/h2><\/div>\n<!-- \/Product Title module -->        <\/div>\n                        <\/div>\n        <\/div>\n            <\/div>\n\n\t\t\t\t\t\t\t<\/li>\n\n\t\t\t\t\t\t\t\t\t\t\t\n\t\t\t\t\n\t\t<\/ul>\n\t\t\t<!-- \/advanced-products module -->\n<\/div>\n        <\/div>\n                        <\/div>\n        <\/div>\n        <\/div>\n<!--\/themify_builder_content-->","protected":false},"excerpt":{"rendered":"","protected":false},"author":1,"featured_media":0,"parent":0,"menu_order":0,"comment_status":"closed","ping_status":"closed","template":"","meta":{"footnotes":""},"class_list":["post-2629","page","type-page","status-publish","hentry","has-post-title","has-post-date","has-post-category","has-post-tag","has-post-comment","has-post-author",""],"_links":{"self":[{"href":"https:\/\/www.kartonkutu.com.tr\/en\/wp-json\/wp\/v2\/pages\/2629","targetHints":{"allow":["GET"]}}],"collection":[{"href":"https:\/\/www.kartonkutu.com.tr\/en\/wp-json\/wp\/v2\/pages"}],"about":[{"href":"https:\/\/www.kartonkutu.com.tr\/en\/wp-json\/wp\/v2\/types\/page"}],"author":[{"embeddable":true,"href":"https:\/\/www.kartonkutu.com.tr\/en\/wp-json\/wp\/v2\/users\/1"}],"replies":[{"embeddable":true,"href":"https:\/\/www.kartonkutu.com.tr\/en\/wp-json\/wp\/v2\/comments?post=2629"}],"version-history":[{"count":1,"href":"https:\/\/www.kartonkutu.com.tr\/en\/wp-json\/wp\/v2\/pages\/2629\/revisions"}],"predecessor-version":[{"id":2691,"href":"https:\/\/www.kartonkutu.com.tr\/en\/wp-json\/wp\/v2\/pages\/2629\/revisions\/2691"}],"wp:attachment":[{"href":"https:\/\/www.kartonkutu.com.tr\/en\/wp-json\/wp\/v2\/media?parent=2629"}],"curies":[{"name":"wp","href":"https:\/\/api.w.org\/{rel}","templated":true}]}}