{"id":2623,"date":"2022-07-19T17:25:59","date_gmt":"2022-07-19T14:25:59","guid":{"rendered":"https:\/\/www.kartonkutu.com.tr\/?page_id=2623"},"modified":"2022-11-01T14:01:22","modified_gmt":"2022-11-01T11:01:22","slug":"jewelry-boxes","status":"publish","type":"page","link":"https:\/\/www.kartonkutu.com.tr\/en\/jewelry-boxes\/","title":{"rendered":"Jewelry Boxes"},"content":{"rendered":"<!--themify_builder_content-->\n<div id=\"themify_builder_content-2623\" data-postid=\"2623\" class=\"themify_builder_content themify_builder_content-2623 themify_builder tf_clear\">\n                    <div  data-lazy=\"1\" class=\"module_row themify_builder_row tb_pmx0172 tb_first tf_w\">\n                        <div class=\"row_inner col_align_top tb_col_count_1 tf_box tf_rel\">\n                        <div  data-lazy=\"1\" class=\"module_column tb-column col-full tb_8k19173 first\">\n                    <!-- module image -->\n<div  class=\"module module-image tb_b31o683 image-top   tf_mw\" data-lazy=\"1\">\n        <div class=\"image-wrap tf_rel tf_mw\">\n            <img loading=\"lazy\" decoding=\"async\" width=\"2000\" height=\"300\" src=\"https:\/\/www.kartonkutu.com.tr\/wp-content\/uploads\/2022\/11\/1.png\" class=\"wp-post-image wp-image-2636\" title=\"1\" alt=\"1\" srcset=\"https:\/\/www.kartonkutu.com.tr\/wp-content\/uploads\/2022\/11\/1.png 2000w, https:\/\/www.kartonkutu.com.tr\/wp-content\/uploads\/2022\/11\/1-300x45.png 300w, https:\/\/www.kartonkutu.com.tr\/wp-content\/uploads\/2022\/11\/1-1024x154.png 1024w, https:\/\/www.kartonkutu.com.tr\/wp-content\/uploads\/2022\/11\/1-768x115.png 768w, https:\/\/www.kartonkutu.com.tr\/wp-content\/uploads\/2022\/11\/1-1536x230.png 1536w, https:\/\/www.kartonkutu.com.tr\/wp-content\/uploads\/2022\/11\/1-600x90.png 600w\" sizes=\"auto, (max-width: 2000px) 100vw, 2000px\" \/>    \n        <\/div>\n    <!-- \/image-wrap -->\n    \n        <\/div>\n<!-- \/module image -->        <\/div>\n                        <\/div>\n        <\/div>\n                        <div  data-lazy=\"1\" class=\"module_row themify_builder_row tb_ek81469 tf_w\">\n                        <div class=\"row_inner col_align_top tb_col_count_1 tf_box tf_rel\">\n                        <div  data-lazy=\"1\" class=\"module_column tb-column col-full tb_93we470 first\">\n                    <!-- advanced-products module -->\n<div  class=\"module woocommerce module-advanced-products tb_yauh532  themify_builder_content-yauh532\" data-lazy=\"1\">\n\t<form class=\"woocommerce-ordering\" method=\"get\">\n\t\t<select\n\t\tname=\"orderby\"\n\t\tclass=\"orderby\"\n\t\t\t\t\taria-label=\"Shop order\"\n\t\t\t>\n\t\t\t\t\t<option value=\"menu_order\"  selected='selected'>Default sorting<\/option>\n\t\t\t\t\t<option value=\"popularity\" >Sort by popularity<\/option>\n\t\t\t\t\t<option value=\"date\" >Sort by latest<\/option>\n\t\t\t\t\t<option value=\"price\" >Sort by price: low to high<\/option>\n\t\t\t\t\t<option value=\"price-desc\" >Sort by price: high to low<\/option>\n\t\t\t<\/select>\n\t<input type=\"hidden\" name=\"paged\" value=\"1\" \/>\n\t<\/form>\n\t\t<ul class=\"builder-posts-wrap loops-wrapper tbp_posts_wrap products grid4 tf_clear tf_clearfix\" data-lazy=\"1\">\n\t\t\n\t\t\n\t\t\t\t\t\t\t\t\t\t\t\t\t\t\t\t\t\t\t\t\t\t\t<li id=\"post-2853\" class=\"post tf_clearfix has-post-title has-post-date has-post-category has-post-tag has-post-comment has-post-author product type-product post-2853 status-publish first instock product_cat-mucevher-kutulari-en has-post-thumbnail taxable shipping-taxable product-type-simple\">\n\n\t\t\t\t\t\t\t    <div class=\"tbp_advanced_archive_wrap\">\n\t                <div  data-lazy=\"1\" class=\"module_row themify_builder_row tb_98m3682 tf_w\">\n                        <div class=\"row_inner col_align_top tb_col_count_1 tf_box tf_rel\">\n                        <div  data-lazy=\"1\" class=\"module_column tb-column col-full tb_gft2682 first\">\n                    <!-- Product Image module -->\n<div  class=\"module module-product-image tb_9otz683   thumb-img-bottom\" data-lazy=\"1\">\n\t<figure class=\"product-image sale-badge-left\">\n\t\t\t\t\t\t\t<a  href=\"https:\/\/www.kartonkutu.com.tr\/en\/urun\/mucevher-buyuk-set-kutu-sonmezler\/\">\n\t\t\t\t<img loading=\"lazy\" decoding=\"async\" width=\"2000\" height=\"2000\" src=\"https:\/\/www.kartonkutu.com.tr\/wp-content\/uploads\/2022\/07\/sonmezler.jpg\" class=\"wp-post-image wp-image-1292\" title=\"s\u00f6nmezler\" alt=\"s\u00f6nmezler\" srcset=\"https:\/\/www.kartonkutu.com.tr\/wp-content\/uploads\/2022\/07\/sonmezler.jpg 2000w, https:\/\/www.kartonkutu.com.tr\/wp-content\/uploads\/2022\/07\/sonmezler-300x300.jpg 300w, https:\/\/www.kartonkutu.com.tr\/wp-content\/uploads\/2022\/07\/sonmezler-1024x1024.jpg 1024w, https:\/\/www.kartonkutu.com.tr\/wp-content\/uploads\/2022\/07\/sonmezler-150x150.jpg 150w, https:\/\/www.kartonkutu.com.tr\/wp-content\/uploads\/2022\/07\/sonmezler-768x768.jpg 768w, https:\/\/www.kartonkutu.com.tr\/wp-content\/uploads\/2022\/07\/sonmezler-1536x1536.jpg 1536w, https:\/\/www.kartonkutu.com.tr\/wp-content\/uploads\/2022\/07\/sonmezler-600x600.jpg 600w, https:\/\/www.kartonkutu.com.tr\/wp-content\/uploads\/2022\/07\/sonmezler-100x100.jpg 100w, https:\/\/www.kartonkutu.com.tr\/wp-content\/uploads\/2022\/07\/sonmezler-1024x1024-47x48.jpg 47w\" sizes=\"auto, (max-width: 2000px) 100vw, 2000px\" \/>\t\t\t\t\t\t<\/a>\n\t<\/figure>\n<\/div>\n<!-- \/Product Image module -->\n<!-- Product Title module -->\n<div  class=\"module module-product-title tb_93y8683 \" data-lazy=\"1\">\n\t<h2 class=\"tbp_title\">\n\t<a  href=\"https:\/\/www.kartonkutu.com.tr\/en\/urun\/mucevher-buyuk-set-kutu-sonmezler\/\">\n\t\tM\u00fccevher B\u00fcy\u00fck Set Kutu &#8211; S\u00f6nmezler\t\t<\/a>\n<\/h2><\/div>\n<!-- \/Product Title module --><!-- module buttons -->\n<div  class=\"module module-buttons tb_7kg3378 buttons-horizontal solid  hide-desktop hide-tablet hide-tablet_landscape hide-mobile squared buttons-fullwidth\" data-lazy=\"1\">\n        <div class=\"module-buttons-item tf_in_flx\">\n                        <a href=\"https:\/\/www.kartonkutu.com.tr\/teklif-al\/\" class=\"ui builder_button tf_in_flx themify_lightbox transparent\" >\n                                                \u0130NCELE                                        <\/a>\n                <\/div>\n            <\/div>\n<!-- \/module buttons -->\n        <\/div>\n                        <\/div>\n        <\/div>\n            <\/div>\n\n\t\t\t\t\t\t\t<\/li>\n\n\t\t\t\t\t\t\t\t\t\t\t\t\t\t\t\t\t\t\t\t\t\t\t\t\t\t\t\t\t\t<li id=\"post-2854\" class=\"post tf_clearfix has-post-title has-post-date has-post-category has-post-tag has-post-comment has-post-author product type-product post-2854 status-publish instock product_cat-mucevher-kutulari-en has-post-thumbnail taxable shipping-taxable product-type-simple\">\n\n\t\t\t\t\t\t\t    <div class=\"tbp_advanced_archive_wrap\">\n\t                <div  data-lazy=\"1\" class=\"module_row themify_builder_row tb_98m3682 tf_w\">\n                        <div class=\"row_inner col_align_top tb_col_count_1 tf_box tf_rel\">\n                        <div  data-lazy=\"1\" class=\"module_column tb-column col-full tb_gft2682 first\">\n                    <!-- Product Image module -->\n<div  class=\"module module-product-image tb_9otz683   thumb-img-bottom\" data-lazy=\"1\">\n\t<figure class=\"product-image sale-badge-left\">\n\t\t\t\t\t\t\t<a  href=\"https:\/\/www.kartonkutu.com.tr\/en\/urun\/buyuk-set-kurdeleli-mucevher-kutu\/\">\n\t\t\t\t<img loading=\"lazy\" decoding=\"async\" width=\"2000\" height=\"2000\" src=\"https:\/\/www.kartonkutu.com.tr\/wp-content\/uploads\/2022\/07\/mucevher-buyuk-kutu.jpg\" class=\"wp-post-image wp-image-1287\" title=\"m\u00fccevher-b\u00fcy\u00fck-kutu\" alt=\"m\u00fccevher-b\u00fcy\u00fck-kutu\" srcset=\"https:\/\/www.kartonkutu.com.tr\/wp-content\/uploads\/2022\/07\/mucevher-buyuk-kutu.jpg 2000w, https:\/\/www.kartonkutu.com.tr\/wp-content\/uploads\/2022\/07\/mucevher-buyuk-kutu-300x300.jpg 300w, https:\/\/www.kartonkutu.com.tr\/wp-content\/uploads\/2022\/07\/mucevher-buyuk-kutu-1024x1024.jpg 1024w, https:\/\/www.kartonkutu.com.tr\/wp-content\/uploads\/2022\/07\/mucevher-buyuk-kutu-150x150.jpg 150w, https:\/\/www.kartonkutu.com.tr\/wp-content\/uploads\/2022\/07\/mucevher-buyuk-kutu-768x768.jpg 768w, https:\/\/www.kartonkutu.com.tr\/wp-content\/uploads\/2022\/07\/mucevher-buyuk-kutu-1536x1536.jpg 1536w, https:\/\/www.kartonkutu.com.tr\/wp-content\/uploads\/2022\/07\/mucevher-buyuk-kutu-600x600.jpg 600w, https:\/\/www.kartonkutu.com.tr\/wp-content\/uploads\/2022\/07\/mucevher-buyuk-kutu-100x100.jpg 100w, https:\/\/www.kartonkutu.com.tr\/wp-content\/uploads\/2022\/07\/mucevher-buyuk-kutu-1024x1024-47x48.jpg 47w\" sizes=\"auto, (max-width: 2000px) 100vw, 2000px\" \/>\t\t\t\t\t\t<\/a>\n\t<\/figure>\n<\/div>\n<!-- \/Product Image module -->\n<!-- Product Title module -->\n<div  class=\"module module-product-title tb_93y8683 \" data-lazy=\"1\">\n\t<h2 class=\"tbp_title\">\n\t<a  href=\"https:\/\/www.kartonkutu.com.tr\/en\/urun\/buyuk-set-kurdeleli-mucevher-kutu\/\">\n\t\tB\u00fcy\u00fck Set Kurdeleli M\u00fccevher Kutu\t\t<\/a>\n<\/h2><\/div>\n<!-- \/Product Title module --><!-- module buttons -->\n<div  class=\"module module-buttons tb_7kg3378 buttons-horizontal solid  hide-desktop hide-tablet hide-tablet_landscape hide-mobile squared buttons-fullwidth\" data-lazy=\"1\">\n        <div class=\"module-buttons-item tf_in_flx\">\n                        <a href=\"https:\/\/www.kartonkutu.com.tr\/teklif-al\/\" class=\"ui builder_button tf_in_flx themify_lightbox transparent\" >\n                                                \u0130NCELE                                        <\/a>\n                <\/div>\n            <\/div>\n<!-- \/module buttons -->\n        <\/div>\n                        <\/div>\n        <\/div>\n            <\/div>\n\n\t\t\t\t\t\t\t<\/li>\n\n\t\t\t\t\t\t\t\t\t\t\t\t\t\t\t\t\t\t\t\t\t\t\t\t\t\t\t\t\t\t<li id=\"post-2855\" class=\"post tf_clearfix has-post-title has-post-date has-post-category has-post-tag has-post-comment has-post-author product type-product post-2855 status-publish instock product_cat-mucevher-kutulari-en has-post-thumbnail taxable shipping-taxable product-type-simple\">\n\n\t\t\t\t\t\t\t    <div class=\"tbp_advanced_archive_wrap\">\n\t                <div  data-lazy=\"1\" class=\"module_row themify_builder_row tb_98m3682 tf_w\">\n                        <div class=\"row_inner col_align_top tb_col_count_1 tf_box tf_rel\">\n                        <div  data-lazy=\"1\" class=\"module_column tb-column col-full tb_gft2682 first\">\n                    <!-- Product Image module -->\n<div  class=\"module module-product-image tb_9otz683   thumb-img-bottom\" data-lazy=\"1\">\n\t<figure class=\"product-image sale-badge-left\">\n\t\t\t\t\t\t\t<a  href=\"https:\/\/www.kartonkutu.com.tr\/en\/urun\/katlama-ofset-kuyum-kutu\/\">\n\t\t\t\t<img loading=\"lazy\" decoding=\"async\" width=\"2000\" height=\"2000\" src=\"https:\/\/www.kartonkutu.com.tr\/wp-content\/uploads\/2022\/07\/katlama-ofset-kuyum.jpg\" class=\"wp-post-image wp-image-1280\" title=\"katlama-ofset-kuyum\" alt=\"katlama-ofset-kuyum\" srcset=\"https:\/\/www.kartonkutu.com.tr\/wp-content\/uploads\/2022\/07\/katlama-ofset-kuyum.jpg 2000w, https:\/\/www.kartonkutu.com.tr\/wp-content\/uploads\/2022\/07\/katlama-ofset-kuyum-300x300.jpg 300w, https:\/\/www.kartonkutu.com.tr\/wp-content\/uploads\/2022\/07\/katlama-ofset-kuyum-1024x1024.jpg 1024w, https:\/\/www.kartonkutu.com.tr\/wp-content\/uploads\/2022\/07\/katlama-ofset-kuyum-150x150.jpg 150w, https:\/\/www.kartonkutu.com.tr\/wp-content\/uploads\/2022\/07\/katlama-ofset-kuyum-768x768.jpg 768w, https:\/\/www.kartonkutu.com.tr\/wp-content\/uploads\/2022\/07\/katlama-ofset-kuyum-1536x1536.jpg 1536w, https:\/\/www.kartonkutu.com.tr\/wp-content\/uploads\/2022\/07\/katlama-ofset-kuyum-600x600.jpg 600w, https:\/\/www.kartonkutu.com.tr\/wp-content\/uploads\/2022\/07\/katlama-ofset-kuyum-100x100.jpg 100w, https:\/\/www.kartonkutu.com.tr\/wp-content\/uploads\/2022\/07\/katlama-ofset-kuyum-1024x1024-47x48.jpg 47w\" sizes=\"auto, (max-width: 2000px) 100vw, 2000px\" \/>\t\t\t\t\t\t<\/a>\n\t<\/figure>\n<\/div>\n<!-- \/Product Image module -->\n<!-- Product Title module -->\n<div  class=\"module module-product-title tb_93y8683 \" data-lazy=\"1\">\n\t<h2 class=\"tbp_title\">\n\t<a  href=\"https:\/\/www.kartonkutu.com.tr\/en\/urun\/katlama-ofset-kuyum-kutu\/\">\n\t\tKatlama Ofset Kuyum Kutu\t\t<\/a>\n<\/h2><\/div>\n<!-- \/Product Title module --><!-- module buttons -->\n<div  class=\"module module-buttons tb_7kg3378 buttons-horizontal solid  hide-desktop hide-tablet hide-tablet_landscape hide-mobile squared buttons-fullwidth\" data-lazy=\"1\">\n        <div class=\"module-buttons-item tf_in_flx\">\n                        <a href=\"https:\/\/www.kartonkutu.com.tr\/teklif-al\/\" class=\"ui builder_button tf_in_flx themify_lightbox transparent\" >\n                                                \u0130NCELE                                        <\/a>\n                <\/div>\n            <\/div>\n<!-- \/module buttons -->\n        <\/div>\n                        <\/div>\n        <\/div>\n            <\/div>\n\n\t\t\t\t\t\t\t<\/li>\n\n\t\t\t\t\t\t\t\t\t\t\t\n\t\t\t\t\n\t\t<\/ul>\n\t\t\t<!-- \/advanced-products module -->\n<\/div>\n        <\/div>\n                        <\/div>\n        <\/div>\n        <\/div>\n<!--\/themify_builder_content-->","protected":false},"excerpt":{"rendered":"","protected":false},"author":1,"featured_media":0,"parent":0,"menu_order":0,"comment_status":"closed","ping_status":"closed","template":"","meta":{"footnotes":""},"class_list":["post-2623","page","type-page","status-publish","hentry","has-post-title","has-post-date","has-post-category","has-post-tag","has-post-comment","has-post-author",""],"_links":{"self":[{"href":"https:\/\/www.kartonkutu.com.tr\/en\/wp-json\/wp\/v2\/pages\/2623","targetHints":{"allow":["GET"]}}],"collection":[{"href":"https:\/\/www.kartonkutu.com.tr\/en\/wp-json\/wp\/v2\/pages"}],"about":[{"href":"https:\/\/www.kartonkutu.com.tr\/en\/wp-json\/wp\/v2\/types\/page"}],"author":[{"embeddable":true,"href":"https:\/\/www.kartonkutu.com.tr\/en\/wp-json\/wp\/v2\/users\/1"}],"replies":[{"embeddable":true,"href":"https:\/\/www.kartonkutu.com.tr\/en\/wp-json\/wp\/v2\/comments?post=2623"}],"version-history":[{"count":2,"href":"https:\/\/www.kartonkutu.com.tr\/en\/wp-json\/wp\/v2\/pages\/2623\/revisions"}],"predecessor-version":[{"id":2681,"href":"https:\/\/www.kartonkutu.com.tr\/en\/wp-json\/wp\/v2\/pages\/2623\/revisions\/2681"}],"wp:attachment":[{"href":"https:\/\/www.kartonkutu.com.tr\/en\/wp-json\/wp\/v2\/media?parent=2623"}],"curies":[{"name":"wp","href":"https:\/\/api.w.org\/{rel}","templated":true}]}}