{"id":2525,"date":"2019-08-09T02:14:25","date_gmt":"2019-08-08T23:14:25","guid":{"rendered":"https:\/\/www.kartonkutu.com.tr\/?page_id=2525"},"modified":"2022-11-01T13:24:09","modified_gmt":"2022-11-01T10:24:09","slug":"about-us","status":"publish","type":"page","link":"https:\/\/www.kartonkutu.com.tr\/en\/about-us\/","title":{"rendered":"About Us"},"content":{"rendered":"<!--themify_builder_content-->\n<div id=\"themify_builder_content-2525\" data-postid=\"2525\" class=\"themify_builder_content themify_builder_content-2525 themify_builder tf_clear\">\n                    <div  data-lazy=\"1\" class=\"module_row themify_builder_row tb_y2iu385 tb_first tf_w\">\n                        <div class=\"row_inner col_align_top tb_col_count_1 tf_box tf_rel\">\n                        <div  data-lazy=\"1\" class=\"module_column tb-column col-full tb_arfk386 first\">\n                    <!-- module text -->\n<div  class=\"module module-text tb_boeb652   \" data-lazy=\"1\">\n        <div  class=\"tb_text_wrap\">\n        <p><span style=\"font-weight: 400;\">ABOUT US<\/span><\/p>    <\/div>\n<\/div>\n<!-- \/module text -->        <div  data-lazy=\"1\" class=\"module_subrow themify_builder_sub_row tf_w col_align_top tb_col_count_1 tb_xhty160\">\n                <div  data-lazy=\"1\" class=\"module_column sub_column col-full tb_hyf1161 first\">\n                    <!-- module text -->\n<div  class=\"module module-text tb_ueu5559   \" data-lazy=\"1\">\n        <div  class=\"tb_text_wrap\">\n        <p>We were still playing marbles while our masters were working on this.<br \/>Well.. not every child had a tablet back then. We are the children of the times when hide and seek was fashionable, playing marbles and soda caps\u2026<\/p><p>We used to make decks out of matchboxes back then.What we earned on the paving stones was our fortunes.Now we produce much more boxes like those matchboxes.While we spend our pocket money on boxes back then, now we drink our coffee thanks to those boxes. And we still enjoy with that child spirit. The designs we make and the boxes we produce always carry this vitality. This spirit makes our work more enjoyable and effective.<\/p><p>Since 2003, we have provided special designs and high-quality products for those who prefer Kartonkutu. We only come to the world once, right? Then what&#8217;s the point of doing things that are done without getting pleasure and being happy?<\/p><p>By the way, we don&#8217;t claim to be flawless or that we can solve every issue without committing a mistake, we are just human beings. When issues or errors occur during our working lives, we are aware of our responsibility. We further support our superior quality by providing simple and quick fixes for any issues that may arise.<\/p><p>We don&#8217;t know about you, but we set our sights on the top in our field. With the best, in the best places; We are running to be with you.When you work with us, you don&#8217;t have to deal with the usual procedures. We favor coming up everytime with solutions.<\/p><p>Or what do you prefer?<br \/>Maybe we have the answer to your questions and more.<br \/>Let&#8217;s see together\u2026<\/p><p><strong>KARTON KUTU MATBAA AMBALAJ KUTU SAN.<\/strong><\/p>    <\/div>\n<\/div>\n<!-- \/module text -->        <\/div>\n                    <\/div>\n                <\/div>\n                        <\/div>\n        <\/div>\n        <\/div>\n<!--\/themify_builder_content-->\r\n<p>&nbsp;<\/p>","protected":false},"excerpt":{"rendered":"<p>B\u0130Z K\u0130M\u0130Z Ustalar\u0131m\u0131z bu i\u015fi yaparken biz hala misket oynuyorduk. Eee o zamanlar her \u00e7ocu\u011fun tableti yoktu.Bizler misket oynayan, saklambac\u0131n hep moda oldugu, gazoz kapaklar\u0131n\u0131n g\u0131c\u0131r topland\u0131g\u0131 zamanlardan\u0131z. O zamanlar kibrit kutular\u0131ndan desteler yapard\u0131k. Kald\u0131r\u0131m taslar\u0131nda \u00fctt\u00fcg\u00fcm\u00fcz servetlerimizdi onlar&#8230; Simdi o kibrit kutular\u0131 gibi nice kutular imal ediyoruz. O zamanlar t\u00fcm servetimiz olan har\u00e7l\u0131g\u0131m\u0131z\u0131 kutulara [&hellip;]<\/p>\n","protected":false},"author":1,"featured_media":0,"parent":0,"menu_order":0,"comment_status":"closed","ping_status":"closed","template":"","meta":{"footnotes":""},"class_list":["post-2525","page","type-page","status-publish","hentry","has-post-title","has-post-date","has-post-category","has-post-tag","has-post-comment","has-post-author",""],"_links":{"self":[{"href":"https:\/\/www.kartonkutu.com.tr\/en\/wp-json\/wp\/v2\/pages\/2525","targetHints":{"allow":["GET"]}}],"collection":[{"href":"https:\/\/www.kartonkutu.com.tr\/en\/wp-json\/wp\/v2\/pages"}],"about":[{"href":"https:\/\/www.kartonkutu.com.tr\/en\/wp-json\/wp\/v2\/types\/page"}],"author":[{"embeddable":true,"href":"https:\/\/www.kartonkutu.com.tr\/en\/wp-json\/wp\/v2\/users\/1"}],"replies":[{"embeddable":true,"href":"https:\/\/www.kartonkutu.com.tr\/en\/wp-json\/wp\/v2\/comments?post=2525"}],"version-history":[{"count":2,"href":"https:\/\/www.kartonkutu.com.tr\/en\/wp-json\/wp\/v2\/pages\/2525\/revisions"}],"predecessor-version":[{"id":2527,"href":"https:\/\/www.kartonkutu.com.tr\/en\/wp-json\/wp\/v2\/pages\/2525\/revisions\/2527"}],"wp:attachment":[{"href":"https:\/\/www.kartonkutu.com.tr\/en\/wp-json\/wp\/v2\/media?parent=2525"}],"curies":[{"name":"wp","href":"https:\/\/api.w.org\/{rel}","templated":true}]}}